{"id":5,"date":"2016-07-15T10:49:05","date_gmt":"2016-07-15T10:49:05","guid":{"rendered":"http:\/\/fontaneriamerino.com\/?page_id=5"},"modified":"2025-03-14T16:23:21","modified_gmt":"2025-03-14T15:23:21","slug":"fontaneros-de-donostia-san-sebastian","status":"publish","type":"page","link":"https:\/\/fontaneriamerino.com\/eu_eu\/","title":{"rendered":"Hasiera"},"content":{"rendered":"<div class=\"fusion-fullwidth fullwidth-box fusion-builder-row-1 hundred-percent-fullwidth non-hundred-percent-height-scrolling\" style=\"background-color: rgba(255,255,255,0);background-position: center center;background-repeat: no-repeat;padding-top:0px;padding-right:0px;padding-bottom:0px;padding-left:0px;margin-bottom: 0px;margin-top: 0px;border-width: 0px 0px 0px 0px;border-color:#eae9e9;border-style:solid;\" ><div class=\"fusion-builder-row fusion-row\"><div class=\"fusion-layout-column fusion_builder_column fusion-builder-column-0 fusion_builder_column_4_5 4_5 fusion-four-fifth fusion-column-first\" style=\"width:80%;width:calc(80% - ( ( 4% ) * 0.8 ) );margin-right: 4%;margin-top:0px;margin-bottom:20px;\"><div class=\"fusion-column-wrapper fusion-flex-column-wrapper-legacy\" style=\"background-position:left top;background-repeat:no-repeat;-webkit-background-size:cover;-moz-background-size:cover;-o-background-size:cover;background-size:cover;padding: 0px 0px 0px 0px;\"><style type=\"text\/css\"><\/style><div class=\"fusion-title title fusion-title-1 fusion-title-text fusion-title-size-two\" style=\"margin-top:0px;margin-bottom:31px;\"><h2 class=\"title-heading-left\" style=\"margin:0;\"><p>Donostia San Sebastianeko iturginak<\/p>\n<p>SANEAMENDUA ETA GAS ETA BEROTZE INSTALAZIOAK, KALDERAK ETA BEROTZAILEEN AZTERKETA, MANTENTZE ETA KONPONKETA<\/p><\/h2><div class=\"title-sep-container\"><div class=\"title-sep sep-double sep-solid\" style=\"border-color:#e0dede;\"><\/div><\/div><\/div><script type=\"text\/javascript\">jQuery(function() { _initLayerSlider( '#layerslider_1_zw0amznpoxdx', {sliderVersion: '6.7.6', responsiveUnder: 0, layersContainer: 0, allowFullscreen: true, slideBGSize: 'auto', hideUnder: 0, hideOver: 100000, pauseOnHover: 1, skin: 'avada', sliderFadeInDuration: 350, showCircleTimer: false, useSrcset: true, skinsPath: 'https:\/\/fontaneriamerino.com\/wp-content\/themes\/Avada\/includes\/ls-skins\/', performanceMode: true}); });<\/script><div id=\"layerslider_1_zw0amznpoxdx\" class=\"ls-wp-container fitvidsignore\" style=\"width:1100px;height:400px;max-width:1100px;margin:0 auto;\"><div class=\"ls-slide\" data-ls=\"bgsize:cover;duration:4000;transition2d:5;\"><img decoding=\"async\" width=\"1024\" height=\"768\" src=\"https:\/\/fontaneriamerino.com\/wp-content\/uploads\/2019\/02\/ef2fd099-51dc-4107-973e-a6b5e8347d84.jpg\" class=\"ls-bg\" alt=\"\" srcset=\"https:\/\/fontaneriamerino.com\/wp-content\/uploads\/2019\/02\/ef2fd099-51dc-4107-973e-a6b5e8347d84-200x150.jpg 200w, https:\/\/fontaneriamerino.com\/wp-content\/uploads\/2019\/02\/ef2fd099-51dc-4107-973e-a6b5e8347d84-300x225.jpg 300w, https:\/\/fontaneriamerino.com\/wp-content\/uploads\/2019\/02\/ef2fd099-51dc-4107-973e-a6b5e8347d84-400x300.jpg 400w, https:\/\/fontaneriamerino.com\/wp-content\/uploads\/2019\/02\/ef2fd099-51dc-4107-973e-a6b5e8347d84-600x450.jpg 600w, https:\/\/fontaneriamerino.com\/wp-content\/uploads\/2019\/02\/ef2fd099-51dc-4107-973e-a6b5e8347d84-768x576.jpg 768w, https:\/\/fontaneriamerino.com\/wp-content\/uploads\/2019\/02\/ef2fd099-51dc-4107-973e-a6b5e8347d84-800x600.jpg 800w, https:\/\/fontaneriamerino.com\/wp-content\/uploads\/2019\/02\/ef2fd099-51dc-4107-973e-a6b5e8347d84.jpg 1024w\" sizes=\"(max-width: 1024px) 100vw, 1024px\" \/><h1 style=\"top:22px;left:22px;\" class=\"ls-l ls-text-layer\" data-ls=\"offsetxin:80;offsetxout:-80;durationout:400;parallaxlevel:0;\"><\/h1><\/div><div class=\"ls-slide\" data-ls=\"bgsize:cover;bgposition:50% 0%;duration:4000;transition2d:5;\"><img decoding=\"async\" width=\"1024\" height=\"768\" src=\"https:\/\/fontaneriamerino.com\/wp-content\/uploads\/2019\/02\/32e8f891-9cd4-415e-8910-c8cdab378390-e1551257789674.jpg\" class=\"ls-bg\" alt=\"\" srcset=\"https:\/\/fontaneriamerino.com\/wp-content\/uploads\/2019\/02\/32e8f891-9cd4-415e-8910-c8cdab378390-e1551257789674-200x150.jpg 200w, https:\/\/fontaneriamerino.com\/wp-content\/uploads\/2019\/02\/32e8f891-9cd4-415e-8910-c8cdab378390-e1551257789674-300x225.jpg 300w, https:\/\/fontaneriamerino.com\/wp-content\/uploads\/2019\/02\/32e8f891-9cd4-415e-8910-c8cdab378390-e1551257789674-400x300.jpg 400w, https:\/\/fontaneriamerino.com\/wp-content\/uploads\/2019\/02\/32e8f891-9cd4-415e-8910-c8cdab378390-e1551257789674-600x450.jpg 600w, https:\/\/fontaneriamerino.com\/wp-content\/uploads\/2019\/02\/32e8f891-9cd4-415e-8910-c8cdab378390-e1551257789674-768x576.jpg 768w, https:\/\/fontaneriamerino.com\/wp-content\/uploads\/2019\/02\/32e8f891-9cd4-415e-8910-c8cdab378390-e1551257789674-800x600.jpg 800w, https:\/\/fontaneriamerino.com\/wp-content\/uploads\/2019\/02\/32e8f891-9cd4-415e-8910-c8cdab378390-e1551257789674.jpg 1024w\" sizes=\"(max-width: 1024px) 100vw, 1024px\" \/><h1 style=\"top:19px;left:18px;\" class=\"ls-l ls-text-layer\" data-ls=\"offsetxin:80;offsetxout:-80;durationout:400;parallaxlevel:0;\"><\/h1><\/div><\/div><div class=\"fusion-sep-clear\"><\/div><div class=\"fusion-separator fusion-full-width-sep\" style=\"margin-left: auto;margin-right: auto;margin-bottom:10px;width:100%;\"><\/div><div class=\"fusion-sep-clear\"><\/div><style type='text\/css'>.reading-box-container-1 .element-bottomshadow:before,.reading-box-container-1 .element-bottomshadow:after{opacity:0.70;}<\/style><div class=\"fusion-reading-box-container reading-box-container-1\" style=\"margin-top:0px;margin-bottom:84px;\"><div class=\"reading-box\" style=\"background-color:#f6f6f6;border-width:1px;border-color:#f6f6f6;border-left-width:3px;border-left-color:var(--primary_color);border-style:solid;\"><a class=\"button fusion-button button-default fusion-button-large button-large button-flat fusion-desktop-button fusion-tagline-button continue fusion-desktop-button-margin continue-right\" style=\"-webkit-box-shadow:none;-moz-box-shadow:none;box-shadow:none;border-radius:1px;\" href=\"\/eu_eu\/contacto\/\" target=\"_self\"><span>KONPROMEZURIK GABE INFORMATU<\/span><\/a><h2>Iturginik behar duzu zure etxerako?<\/h2><div class=\"reading-box-description fusion-reading-box-additional\">Donostiako San Sebasti\u00e1neko iturginak - Gipuzkoan atenditzen dugu-Donostia, Ir\u00fan, Errenteria, Hondarribia, Hernani, Urnieta, Andoain, Lasarte, Orio, Astigarraga, Tolosa, Oiartzun, Zarautz\n\n<\/div><div class=\"reading-box-additional\">\n<p>Fontaner\u00eda Merinon instalazio eta konponketa mota guztietan adituak gara.<\/p>\n<\/div><div class=\"fusion-clearfix\"><\/div><a class=\"button fusion-button button-default fusion-button-large button-large button-flat fusion-mobile-button continue-right\" style=\"-webkit-box-shadow:none;-moz-box-shadow:none;box-shadow:none;border-radius:1px;\" href=\"\/eu_eu\/contacto\/\" target=\"_self\"><span>KONPROMEZURIK GABE INFORMATU<\/span><\/a><\/div><\/div><div class=\"fusion-clearfix\"><\/div><\/div><\/div><div class=\"fusion-layout-column fusion_builder_column fusion-builder-column-1 fusion_builder_column_1_5 1_5 fusion-one-fifth fusion-column-last\" style=\"width:20%;width:calc(20% - ( ( 4% ) * 0.2 ) );margin-top:0px;margin-bottom:20px;\"><div class=\"fusion-column-wrapper fusion-flex-column-wrapper-legacy\" style=\"background-position:left top;background-repeat:no-repeat;-webkit-background-size:cover;-moz-background-size:cover;-o-background-size:cover;background-size:cover;border-width: 1px 1px 1px 1px;border-color:#afafaf;border-style:solid;padding: 5px 5px 5px 5px;\"><div class=\"fusion-text fusion-text-1\" style=\"transform:translate3d(0,0,0);\"><div class=\"titular\"><strong>Donostiako San Sebasti\u00e1neko iturginak - Gipuzkoan atenditzen dugu<\/strong><\/div>\n<p>San Sebasti\u00e1n &#8211; Donostia, Ir\u00fan, Errenteria, Hondarribia, Hernani, Urnieta, Andoain, Lasarte, Orio, Astigarraga, Tolosa, Oiartzun, Zarautz.<\/p>\n<p><img decoding=\"async\" class=\"alignnone size-full wp-image-19 lazyload\" data-src=\"https:\/\/fontaneriamerino.com\/wp-content\/uploads\/2016\/07\/guipuzcoa-mapa.png\" alt=\"guipuzcoa-mapa\" width=\"270\" height=\"212\" data-srcset=\"https:\/\/fontaneriamerino.com\/wp-content\/uploads\/2016\/07\/guipuzcoa-mapa-200x157.png 200w, https:\/\/fontaneriamerino.com\/wp-content\/uploads\/2016\/07\/guipuzcoa-mapa.png 270w\" data-sizes=\"(max-width: 270px) 100vw, 270px\" src=\"data:image\/svg+xml;base64,PHN2ZyB3aWR0aD0iMSIgaGVpZ2h0PSIxIiB4bWxucz0iaHR0cDovL3d3dy53My5vcmcvMjAwMC9zdmciPjwvc3ZnPg==\" style=\"--smush-placeholder-width: 270px; --smush-placeholder-aspect-ratio: 270\/212;\" \/><\/p>\n<\/div><div class=\"fusion-text fusion-text-2\" style=\"transform:translate3d(0,0,0);\"><p style=\"text-align: center; background-color: red; color: white;\" class=\"translation-block\"><strong>FONTANERIA MERINO SL<\/strong><br>\nJos\u00e9 Maria Salaberria kalea, 37 Bajo \u2013 20.010,<br>\nSan Sebasti\u00e1n-Donostia (Guip\u00fazcoa)<br>\n<strong>943 46 25 43<\/strong><\/p>\n<\/div><div class=\"fusion-text fusion-text-3\" style=\"transform:translate3d(0,0,0);\"><p class=\"translation-block\">Donostia San Sebasti\u00e1neko iturginak, gas eta berogailu instalazio eta zerbitzuak. Gure zerbitzuak inolako konpromisorik gabe emango dizkizugu.\n<strong>SOILIK GUIPUZKOATIK ETA HAREN ESKUALDEETAN ATENDITZEN DUGU<\/strong><\/p>\n<\/div><div class=\"fusion-clearfix\"><\/div><\/div><\/div><\/div><style type=\"text\/css\">.fusion-fullwidth.fusion-builder-row-1 { overflow:visible; }<\/style><\/div>","protected":false},"excerpt":{"rendered":"","protected":false},"author":1,"featured_media":0,"parent":0,"menu_order":0,"comment_status":"closed","ping_status":"closed","template":"","meta":{"footnotes":""},"class_list":["post-5","page","type-page","status-publish","hentry"],"yoast_head":"<!-- This site is optimized with the Yoast SEO plugin v27.3 - https:\/\/yoast.com\/product\/yoast-seo-wordpress\/ -->\n<title>Fontaner\u00eda Merino - Fontaneros de Donostia San Sebastian<\/title>\n<meta name=\"description\" content=\"Servicios de Fontaner\u00eda, somo fontaneros de Donostia San Sebastian, realizamos instalaciones de Fontaner\u00eda, Gas, Calefacci\u00f3n y Climatizaci\u00f3n.\" \/>\n<meta name=\"robots\" content=\"index, follow, max-snippet:-1, max-image-preview:large, max-video-preview:-1\" \/>\n<link rel=\"canonical\" href=\"https:\/\/fontaneriamerino.com\/eu_eu\/\" \/>\n<meta property=\"og:locale\" content=\"en_US\" \/>\n<meta property=\"og:type\" content=\"article\" \/>\n<meta property=\"og:title\" content=\"Fontaner\u00eda Merino - Fontaneros de Donostia San Sebastian\" \/>\n<meta property=\"og:description\" content=\"Servicios de Fontaner\u00eda, somo fontaneros de Donostia San Sebastian, realizamos instalaciones de Fontaner\u00eda, Gas, Calefacci\u00f3n y Climatizaci\u00f3n.\" \/>\n<meta property=\"og:url\" content=\"https:\/\/fontaneriamerino.com\/eu_eu\/\" \/>\n<meta property=\"og:site_name\" content=\"Fontaner\u00eda Merino\" \/>\n<meta property=\"article:modified_time\" content=\"2025-03-14T15:23:21+00:00\" \/>\n<meta property=\"og:image\" content=\"https:\/\/fontaneriamerino.com\/wp-content\/uploads\/2016\/07\/guipuzcoa-mapa.png\" \/>\n<meta name=\"twitter:card\" content=\"summary_large_image\" \/>\n<meta name=\"twitter:label1\" content=\"Est. reading time\" \/>\n\t<meta name=\"twitter:data1\" content=\"2 minutua\" \/>\n<script type=\"application\/ld+json\" class=\"yoast-schema-graph\">{\"@context\":\"https:\\\/\\\/schema.org\",\"@graph\":[{\"@type\":\"WebPage\",\"@id\":\"https:\\\/\\\/fontaneriamerino.com\\\/\",\"url\":\"https:\\\/\\\/fontaneriamerino.com\\\/\",\"name\":\"Fontaner\u00eda Merino - Fontaneros de Donostia San Sebastian\",\"isPartOf\":{\"@id\":\"https:\\\/\\\/fontaneriamerino.com\\\/#website\"},\"primaryImageOfPage\":{\"@id\":\"https:\\\/\\\/fontaneriamerino.com\\\/#primaryimage\"},\"image\":{\"@id\":\"https:\\\/\\\/fontaneriamerino.com\\\/#primaryimage\"},\"thumbnailUrl\":\"https:\\\/\\\/fontaneriamerino.com\\\/wp-content\\\/uploads\\\/2016\\\/07\\\/guipuzcoa-mapa.png\",\"datePublished\":\"2016-07-15T10:49:05+00:00\",\"dateModified\":\"2025-03-14T15:23:21+00:00\",\"description\":\"Servicios de Fontaner\u00eda, somo fontaneros de Donostia San Sebastian, realizamos instalaciones de Fontaner\u00eda, Gas, Calefacci\u00f3n y Climatizaci\u00f3n.\",\"breadcrumb\":{\"@id\":\"https:\\\/\\\/fontaneriamerino.com\\\/#breadcrumb\"},\"inLanguage\":\"eu\",\"potentialAction\":[{\"@type\":\"ReadAction\",\"target\":[\"https:\\\/\\\/fontaneriamerino.com\\\/\"]}]},{\"@type\":\"ImageObject\",\"inLanguage\":\"eu\",\"@id\":\"https:\\\/\\\/fontaneriamerino.com\\\/#primaryimage\",\"url\":\"https:\\\/\\\/fontaneriamerino.com\\\/wp-content\\\/uploads\\\/2016\\\/07\\\/guipuzcoa-mapa.png\",\"contentUrl\":\"https:\\\/\\\/fontaneriamerino.com\\\/wp-content\\\/uploads\\\/2016\\\/07\\\/guipuzcoa-mapa.png\"},{\"@type\":\"BreadcrumbList\",\"@id\":\"https:\\\/\\\/fontaneriamerino.com\\\/#breadcrumb\",\"itemListElement\":[{\"@type\":\"ListItem\",\"position\":1,\"name\":\"Portada\",\"item\":\"https:\\\/\\\/fontaneriamerino.com\\\/\"},{\"@type\":\"ListItem\",\"position\":2,\"name\":\"Inicio\"}]},{\"@type\":\"WebSite\",\"@id\":\"https:\\\/\\\/fontaneriamerino.com\\\/#website\",\"url\":\"https:\\\/\\\/fontaneriamerino.com\\\/\",\"name\":\"Fontaner\u00eda Merino\",\"description\":\"SANEAMIENTO E INSTALACIONES DE GAS Y CALEFACCION REVISION, MANTENIMIENTO Y REPARACION DE CALDERAS  Y CALENTADORES\",\"publisher\":{\"@id\":\"https:\\\/\\\/fontaneriamerino.com\\\/#organization\"},\"potentialAction\":[{\"@type\":\"SearchAction\",\"target\":{\"@type\":\"EntryPoint\",\"urlTemplate\":\"https:\\\/\\\/fontaneriamerino.com\\\/?s={search_term_string}\"},\"query-input\":{\"@type\":\"PropertyValueSpecification\",\"valueRequired\":true,\"valueName\":\"search_term_string\"}}],\"inLanguage\":\"eu\"},{\"@type\":\"Organization\",\"@id\":\"https:\\\/\\\/fontaneriamerino.com\\\/#organization\",\"name\":\"Fontaner\u00eda Merino\",\"alternateName\":\"Fontaner\u00eda Merino\",\"url\":\"https:\\\/\\\/fontaneriamerino.com\\\/\",\"logo\":{\"@type\":\"ImageObject\",\"inLanguage\":\"eu\",\"@id\":\"https:\\\/\\\/fontaneriamerino.com\\\/#\\\/schema\\\/logo\\\/image\\\/\",\"url\":\"https:\\\/\\\/fontaneriamerino.com\\\/wp-content\\\/uploads\\\/2016\\\/07\\\/cropped-logo.jpg\",\"contentUrl\":\"https:\\\/\\\/fontaneriamerino.com\\\/wp-content\\\/uploads\\\/2016\\\/07\\\/cropped-logo.jpg\",\"width\":512,\"height\":512,\"caption\":\"Fontaner\u00eda Merino\"},\"image\":{\"@id\":\"https:\\\/\\\/fontaneriamerino.com\\\/#\\\/schema\\\/logo\\\/image\\\/\"}}]}<\/script>\n<!-- \/ Yoast SEO plugin. -->","yoast_head_json":{"title":"Fontaner\u00eda Merino - Fontaneros de Donostia San Sebastian","description":"Servicios de Fontaner\u00eda, somo fontaneros de Donostia San Sebastian, realizamos instalaciones de Fontaner\u00eda, Gas, Calefacci\u00f3n y Climatizaci\u00f3n.","robots":{"index":"index","follow":"follow","max-snippet":"max-snippet:-1","max-image-preview":"max-image-preview:large","max-video-preview":"max-video-preview:-1"},"canonical":"https:\/\/fontaneriamerino.com\/eu_eu\/","og_locale":"en_US","og_type":"article","og_title":"Fontaner\u00eda Merino - Fontaneros de Donostia San Sebastian","og_description":"Servicios de Fontaner\u00eda, somo fontaneros de Donostia San Sebastian, realizamos instalaciones de Fontaner\u00eda, Gas, Calefacci\u00f3n y Climatizaci\u00f3n.","og_url":"https:\/\/fontaneriamerino.com\/eu_eu\/","og_site_name":"Fontaner\u00eda Merino","article_modified_time":"2025-03-14T15:23:21+00:00","og_image":[{"url":"https:\/\/fontaneriamerino.com\/wp-content\/uploads\/2016\/07\/guipuzcoa-mapa.png","type":"","width":"","height":""}],"twitter_card":"summary_large_image","twitter_misc":{"Est. reading time":"2 minutua"},"schema":{"@context":"https:\/\/schema.org","@graph":[{"@type":"WebPage","@id":"https:\/\/fontaneriamerino.com\/","url":"https:\/\/fontaneriamerino.com\/","name":"Fontaner\u00eda Merino - Fontaneros de Donostia San Sebastian","isPartOf":{"@id":"https:\/\/fontaneriamerino.com\/#website"},"primaryImageOfPage":{"@id":"https:\/\/fontaneriamerino.com\/#primaryimage"},"image":{"@id":"https:\/\/fontaneriamerino.com\/#primaryimage"},"thumbnailUrl":"https:\/\/fontaneriamerino.com\/wp-content\/uploads\/2016\/07\/guipuzcoa-mapa.png","datePublished":"2016-07-15T10:49:05+00:00","dateModified":"2025-03-14T15:23:21+00:00","description":"Servicios de Fontaner\u00eda, somo fontaneros de Donostia San Sebastian, realizamos instalaciones de Fontaner\u00eda, Gas, Calefacci\u00f3n y Climatizaci\u00f3n.","breadcrumb":{"@id":"https:\/\/fontaneriamerino.com\/#breadcrumb"},"inLanguage":"eu","potentialAction":[{"@type":"ReadAction","target":["https:\/\/fontaneriamerino.com\/"]}]},{"@type":"ImageObject","inLanguage":"eu","@id":"https:\/\/fontaneriamerino.com\/#primaryimage","url":"https:\/\/fontaneriamerino.com\/wp-content\/uploads\/2016\/07\/guipuzcoa-mapa.png","contentUrl":"https:\/\/fontaneriamerino.com\/wp-content\/uploads\/2016\/07\/guipuzcoa-mapa.png"},{"@type":"BreadcrumbList","@id":"https:\/\/fontaneriamerino.com\/#breadcrumb","itemListElement":[{"@type":"ListItem","position":1,"name":"Portada","item":"https:\/\/fontaneriamerino.com\/"},{"@type":"ListItem","position":2,"name":"Inicio"}]},{"@type":"WebSite","@id":"https:\/\/fontaneriamerino.com\/#website","url":"https:\/\/fontaneriamerino.com\/","name":"Fontaner\u00eda Merino","description":"SANEAMIENTO E INSTALACIONES DE GAS Y CALEFACCION REVISION, MANTENIMIENTO Y REPARACION DE CALDERAS  Y CALENTADORES","publisher":{"@id":"https:\/\/fontaneriamerino.com\/#organization"},"potentialAction":[{"@type":"SearchAction","target":{"@type":"EntryPoint","urlTemplate":"https:\/\/fontaneriamerino.com\/?s={search_term_string}"},"query-input":{"@type":"PropertyValueSpecification","valueRequired":true,"valueName":"search_term_string"}}],"inLanguage":"eu"},{"@type":"Organization","@id":"https:\/\/fontaneriamerino.com\/#organization","name":"Fontaner\u00eda Merino","alternateName":"Fontaner\u00eda Merino","url":"https:\/\/fontaneriamerino.com\/","logo":{"@type":"ImageObject","inLanguage":"eu","@id":"https:\/\/fontaneriamerino.com\/#\/schema\/logo\/image\/","url":"https:\/\/fontaneriamerino.com\/wp-content\/uploads\/2016\/07\/cropped-logo.jpg","contentUrl":"https:\/\/fontaneriamerino.com\/wp-content\/uploads\/2016\/07\/cropped-logo.jpg","width":512,"height":512,"caption":"Fontaner\u00eda Merino"},"image":{"@id":"https:\/\/fontaneriamerino.com\/#\/schema\/logo\/image\/"}}]}},"_links":{"self":[{"href":"https:\/\/fontaneriamerino.com\/eu_eu\/wp-json\/wp\/v2\/pages\/5","targetHints":{"allow":["GET"]}}],"collection":[{"href":"https:\/\/fontaneriamerino.com\/eu_eu\/wp-json\/wp\/v2\/pages"}],"about":[{"href":"https:\/\/fontaneriamerino.com\/eu_eu\/wp-json\/wp\/v2\/types\/page"}],"author":[{"embeddable":true,"href":"https:\/\/fontaneriamerino.com\/eu_eu\/wp-json\/wp\/v2\/users\/1"}],"replies":[{"embeddable":true,"href":"https:\/\/fontaneriamerino.com\/eu_eu\/wp-json\/wp\/v2\/comments?post=5"}],"version-history":[{"count":3,"href":"https:\/\/fontaneriamerino.com\/eu_eu\/wp-json\/wp\/v2\/pages\/5\/revisions"}],"predecessor-version":[{"id":913,"href":"https:\/\/fontaneriamerino.com\/eu_eu\/wp-json\/wp\/v2\/pages\/5\/revisions\/913"}],"wp:attachment":[{"href":"https:\/\/fontaneriamerino.com\/eu_eu\/wp-json\/wp\/v2\/media?parent=5"}],"curies":[{"name":"wp","href":"https:\/\/api.w.org\/{rel}","templated":true}]}}