{"id":129,"date":"2016-07-21T11:13:52","date_gmt":"2016-07-21T11:13:52","guid":{"rendered":"http:\/\/fontaneriamerino.com\/?page_id=129"},"modified":"2025-03-17T09:13:40","modified_gmt":"2025-03-17T08:13:40","slug":"instalaciones-de-calefaccion","status":"publish","type":"page","link":"https:\/\/fontaneriamerino.com\/eu_eu\/servicios\/instalaciones-de-calefaccion\/","title":{"rendered":"Berokuntza instalazioak"},"content":{"rendered":"<div class=\"fusion-fullwidth fullwidth-box fusion-builder-row-1 hundred-percent-fullwidth non-hundred-percent-height-scrolling\" style=\"background-color: rgba(255,255,255,0);background-position: center center;background-repeat: no-repeat;padding-top:0px;padding-right:0px;padding-bottom:0px;padding-left:0px;margin-bottom: 0px;margin-top: 0px;border-width: 0px 0px 0px 0px;border-color:#eae9e9;border-style:solid;\" ><div class=\"fusion-builder-row fusion-row\"><div class=\"fusion-layout-column fusion_builder_column fusion-builder-column-0 fusion_builder_column_1_4 1_4 fusion-one-fourth fusion-column-first\" style=\"width:22%; margin-right: 4%;margin-top:0px;margin-bottom:20px;\"><div class=\"fusion-column-wrapper fusion-flex-column-wrapper-legacy\" style=\"background-position:left top;background-repeat:no-repeat;-webkit-background-size:cover;-moz-background-size:cover;-o-background-size:cover;background-size:cover;padding: 0px 0px 0px 0px;\"><style type=\"text\/css\"><\/style><div class=\"fusion-title title fusion-title-1 fusion-title-text fusion-title-size-two\" style=\"margin-top:0px;margin-bottom:31px;\"><h2 class=\"title-heading-left\" style=\"margin:0;\">Zerbitzuak<\/h2><div class=\"title-sep-container\"><div class=\"title-sep sep-double sep-solid\" style=\"border-color:#e0dede;\"><\/div><\/div><\/div><ul class=\"fusion-checklist fusion-checklist-1\" style=\"font-size:13px;line-height:22.1px;\"><li class=\"fusion-li-item\"><span style=\"background-color:#ff0000;font-size:11.44px;height:22.1px;width:22.1px;margin-right:9.1px;\" class=\"icon-wrapper circle-yes\"><i class=\"fusion-li-icon fa fa-chevron-right\" style=\"color:#ffffff;\" aria-hidden=\"true\"><\/i><\/span><div class=\"fusion-li-item-content\" style=\"margin-left:31.2px;\"><a href=\"\/eu_eu\/servicios\/instalaciones-de-fontaneria\/\">Instalacines de Fontaner\u00eda<\/a><\/div><\/li><li class=\"fusion-li-item\"><span style=\"background-color:#ff0000;font-size:11.44px;height:22.1px;width:22.1px;margin-right:9.1px;\" class=\"icon-wrapper circle-yes\"><i class=\"fusion-li-icon fa fa-chevron-right\" style=\"color:#ffffff;\" aria-hidden=\"true\"><\/i><\/span><div class=\"fusion-li-item-content\" style=\"margin-left:31.2px;\"><a href=\"http:\/\/fontaneriamerino.com\/eu_eu\/instalaciones-de-gas\/\">Gas Instalazioak<\/a><\/div><\/li><li class=\"fusion-li-item\"><span style=\"background-color:#ff0000;font-size:11.44px;height:22.1px;width:22.1px;margin-right:9.1px;\" class=\"icon-wrapper circle-yes\"><i class=\"fusion-li-icon fa fa-chevron-right\" style=\"color:#ffffff;\" aria-hidden=\"true\"><\/i><\/span><div class=\"fusion-li-item-content\" style=\"margin-left:31.2px;\"><span style=\"color: #ff0000;\"><a style=\"color: #ff0000;\" href=\"http:\/\/fontaneriamerino.com\/eu_eu\/instalaciones-de-calefaccion\/\">Berokuntza instalazioak<\/a><\/span><\/div><\/li><li class=\"fusion-li-item\"><span style=\"background-color:#ff0000;font-size:11.44px;height:22.1px;width:22.1px;margin-right:9.1px;\" class=\"icon-wrapper circle-yes\"><i class=\"fusion-li-icon fa fa-chevron-right\" style=\"color:#ffffff;\" aria-hidden=\"true\"><\/i><\/span><div class=\"fusion-li-item-content\" style=\"margin-left:31.2px;\"><a href=\"http:\/\/fontaneriamerino.com\/eu_eu\/instalaciones-de-climatizacion\/\">Aire girotuko instalazioak<\/a><\/div><\/li><li class=\"fusion-li-item\"><span style=\"background-color:#ff0000;font-size:11.44px;height:22.1px;width:22.1px;margin-right:9.1px;\" class=\"icon-wrapper circle-yes\"><i class=\"fusion-li-icon fa fa-chevron-right\" style=\"color:#ffffff;\" aria-hidden=\"true\"><\/i><\/span><div class=\"fusion-li-item-content\" style=\"margin-left:31.2px;\"><a href=\"http:\/\/fontaneriamerino.com\/eu_eu\/instalaciones-de-calderas-y-calentadores-a-gas\/\">Instalaciones de Calderas y calentadores a gas<\/a><\/div><\/li><li class=\"fusion-li-item\"><span style=\"background-color:#ff0000;font-size:11.44px;height:22.1px;width:22.1px;margin-right:9.1px;\" class=\"icon-wrapper circle-yes\"><i class=\"fusion-li-icon fa fa-chevron-right\" style=\"color:#ffffff;\" aria-hidden=\"true\"><\/i><\/span><div class=\"fusion-li-item-content\" style=\"margin-left:31.2px;\"><a href=\"http:\/\/fontaneriamerino.com\/eu_eu\/mantenimiento-de-comunidades\/\">Komunitateen mantentzea<\/a><\/div><\/li><li class=\"fusion-li-item\"><span style=\"background-color:#ff0000;font-size:11.44px;height:22.1px;width:22.1px;margin-right:9.1px;\" class=\"icon-wrapper circle-yes\"><i class=\"fusion-li-icon fa fa-chevron-right\" style=\"color:#ffffff;\" aria-hidden=\"true\"><\/i><\/span><div class=\"fusion-li-item-content\" style=\"margin-left:31.2px;\"><a href=\"http:\/\/fontaneriamerino.com\/eu_eu\/exposicion-y-venta-de-sanitarios-mobiliario-de-bano\/\">Sanitarioen, komuneko altzarien erakusketa eta salmenta<\/a><\/div><\/li><li class=\"fusion-li-item\"><span style=\"background-color:#ff0000;font-size:11.44px;height:22.1px;width:22.1px;margin-right:9.1px;\" class=\"icon-wrapper circle-yes\"><i class=\"fusion-li-icon fa fa-chevron-right\" style=\"color:#ffffff;\" aria-hidden=\"true\"><\/i><\/span><div class=\"fusion-li-item-content\" style=\"margin-left:31.2px;\"><a href=\"http:\/\/fontaneriamerino.com\/eu_eu\/cambiar-banera-por-ducha\/\">Aldaketa bainuontzia dutxagatik<\/a><\/div><\/li><li class=\"fusion-li-item\"><span style=\"background-color:#ff0000;font-size:11.44px;height:22.1px;width:22.1px;margin-right:9.1px;\" class=\"icon-wrapper circle-yes\"><i class=\"fusion-li-icon fa fa-chevron-right\" style=\"color:#ffffff;\" aria-hidden=\"true\"><\/i><\/span><div class=\"fusion-li-item-content\" style=\"margin-left:31.2px;\"><a href=\"\/eu_eu\/servicios\/adaptacion-de-banos-para-minusvalidos\/\">Ezinduentzako komunak egokitzea<\/a><\/div><\/li><li class=\"fusion-li-item\"><span style=\"background-color:#ff0000;font-size:11.44px;height:22.1px;width:22.1px;margin-right:9.1px;\" class=\"icon-wrapper circle-yes\"><i class=\"fusion-li-icon fa fa-chevron-right\" style=\"color:#ffffff;\" aria-hidden=\"true\"><\/i><\/span><div class=\"fusion-li-item-content\" style=\"margin-left:31.2px;\"><a href=\"http:\/\/fontaneriamerino.com\/eu_eu\/revision-obligatoria-de-calderas\/\">Galdararen derrigorrezko ikuskapena<\/a><\/div><\/li><\/ul><div class=\"fusion-button-wrapper\"><style type=\"text\/css\">.fusion-button.button-1 {border-radius:1px;}<\/style><a class=\"fusion-button button-flat fusion-button-default-size button-default button-1 fusion-button-default-span fusion-button-default-type\" target=\"_self\" href=\"http:\/\/fontaneriamerino.com\/eu_eu\/servicios\/\"><span class=\"fusion-button-text\">Itzuli Zerbitzuak atalera<\/span><\/a><\/div><div class=\"fusion-clearfix\"><\/div><\/div><\/div><div class=\"fusion-layout-column fusion_builder_column fusion-builder-column-1 fusion_builder_column_3_4 3_4 fusion-three-fourth fusion-column-last\" style=\"width:74%;margin-top:0px;margin-bottom:20px;\"><div class=\"fusion-column-wrapper fusion-flex-column-wrapper-legacy\" style=\"background-position:left top;background-repeat:no-repeat;-webkit-background-size:cover;-moz-background-size:cover;-o-background-size:cover;background-size:cover;padding: 0px 0px 0px 0px;\"><div class=\"fusion-text fusion-text-1\" style=\"transform:translate3d(0,0,0);\"><h2 class=\"translation-block\"><strong>Berogailu eta ACS instalatzaile baimendutako enpresa. 20. zenbakia\/EICA-283<br>\nBerokuntza eta ACS Mantentze-enpresa baimendua 20\/EMCA-143<\/strong><\/h2>\n<h3><strong>Berokuntza instalazioak<\/strong><\/h3>\n<p>\u2013 Berokuntza eta ur beroaren instalazioak.<\/p>\n<p>\u2013 Berokuntza-instalazio indibidualak edo komunitarioak.<\/p>\n<p>\u2013 Marka guztietako hormako galdarak edo euskarriak instalatzea; gasa edo gasolioa.<\/p>\n<p>\u2013 Aluminiozko edo burdinurtuzko erradiadoreen instalazioak.<\/p>\n<p>\u2013 Termostato-instalazioak erradiadoreetan, gela bakoitzean tenperatura banaka aukeratzeko.<\/p>\n<p>- Antolatzaileen instalazio automatikoak pizteko eta itzaltzeko.<\/p>\n<p>\u2013 Viessmann eta Chappee markako galdaretarako Baimendutako Laguntza Tekniko Zerbitzua<\/p>\n<h3><strong>Berokuntza-instalazioen mantentze-lanak<\/strong><\/h3>\n<p>Berokuntza eta ur bero sanitarioko tresnen mantentze-lanak, besteak beste:<\/p>\n<p>\u2013 Energia aurrezte handiena lortzeko aholkularitza<\/p>\n<p>\u2013 Hondakin arriskutsuen kudeaketa<\/p>\n<p>\u2013 Mantentze-protokolo propioa<\/p>\n<p>\u2013 Komunitateko galdara-gelen mantentze-lanak.<\/p>\n<p>\u2013 Banakako berogailu-sistemen mantentze-lanak.<\/p>\n<p>\u2013 Gas-instalazioen mantentze-lanak.<\/p>\n<\/div><div class=\"fusion-clearfix\"><\/div><\/div><\/div><div class=\"fusion-layout-column fusion_builder_column fusion-builder-column-2 fusion_builder_column_1_1 1_1 fusion-one-full fusion-column-first fusion-column-last fusion-column-no-min-height\" style=\"margin-top:0px;margin-bottom:0px;\"><div class=\"fusion-column-wrapper fusion-flex-column-wrapper-legacy\" style=\"background-position:left top;background-repeat:no-repeat;-webkit-background-size:cover;-moz-background-size:cover;-o-background-size:cover;background-size:cover;padding: 0px 0px 0px 0px;\"><style type='text\/css'>.reading-box-container-1 .element-bottomshadow:before,.reading-box-container-1 .element-bottomshadow:after{opacity:0.70;}<\/style><div class=\"fusion-reading-box-container reading-box-container-1\" style=\"margin-top:0px;margin-bottom:84px;\"><div class=\"reading-box\" style=\"background-color:#f6f6f6;border-width:1px;border-color:#f6f6f6;border-left-width:3px;border-left-color:var(--primary_color);border-style:solid;\"><a class=\"button fusion-button button-default fusion-button-large button-large button-flat fusion-desktop-button fusion-tagline-button continue fusion-desktop-button-margin continue-right\" style=\"-webkit-box-shadow:none;-moz-box-shadow:none;box-shadow:none;border-radius:1px;\" href=\"\/eu_eu\/contacto\/\" target=\"_self\"><span>KONPROMEZURIK GABE INFORMATU<\/span><\/a><h2>Iturginik behar duzu zure etxerako?<\/h2><div class=\"reading-box-description fusion-reading-box-additional\">Donostiako San Sebasti\u00e1neko iturginak - Gipuzkoan atenditzen dugu-Donostia, Ir\u00fan, Errenteria, Hondarribia, Hernani, Urnieta, Andoain, Lasarte, Orio, Astigarraga, Tolosa, Oiartzun, Zarautz\n\n<\/div><div class=\"reading-box-additional\">\n<p>Fontaner\u00eda Merinon instalazio eta konponketa mota guztietan adituak gara.<\/p>\n<\/div><div class=\"fusion-clearfix\"><\/div><a class=\"button fusion-button button-default fusion-button-large button-large button-flat fusion-mobile-button continue-right\" style=\"-webkit-box-shadow:none;-moz-box-shadow:none;box-shadow:none;border-radius:1px;\" href=\"\/eu_eu\/contacto\/\" target=\"_self\"><span>KONPROMEZURIK GABE INFORMATU<\/span><\/a><\/div><\/div><div class=\"fusion-clearfix\"><\/div><\/div><\/div><\/div><style type=\"text\/css\">.fusion-fullwidth.fusion-builder-row-1 { overflow:visible; }<\/style><\/div>","protected":false},"excerpt":{"rendered":"","protected":false},"author":1,"featured_media":0,"parent":58,"menu_order":0,"comment_status":"closed","ping_status":"closed","template":"","meta":{"footnotes":""},"class_list":["post-129","page","type-page","status-publish","hentry"],"yoast_head":"<!-- This site is optimized with the Yoast SEO plugin v27.3 - https:\/\/yoast.com\/product\/yoast-seo-wordpress\/ -->\n<title>Instalaciones de calefacci\u00f3n - Fontaner\u00eda Merino<\/title>\n<meta name=\"description\" content=\"Instalaciones de calefacci\u00f3n y agua caliente sanitaria, calefacciones Individuales o comunitarias, calderas murales \u00f3 de p\u00ede; a gas \u00f3 a gas\u00f3leo.\" \/>\n<meta name=\"robots\" content=\"index, follow, max-snippet:-1, max-image-preview:large, max-video-preview:-1\" \/>\n<link rel=\"canonical\" href=\"https:\/\/fontaneriamerino.com\/eu_eu\/servicios\/instalaciones-de-calefaccion\/\" \/>\n<meta property=\"og:locale\" content=\"en_US\" \/>\n<meta property=\"og:type\" content=\"article\" \/>\n<meta property=\"og:title\" content=\"Instalaciones de calefacci\u00f3n - Fontaner\u00eda Merino\" \/>\n<meta property=\"og:description\" content=\"Instalaciones de calefacci\u00f3n y agua caliente sanitaria, calefacciones Individuales o comunitarias, calderas murales \u00f3 de p\u00ede; a gas \u00f3 a gas\u00f3leo.\" \/>\n<meta property=\"og:url\" content=\"https:\/\/fontaneriamerino.com\/eu_eu\/servicios\/instalaciones-de-calefaccion\/\" \/>\n<meta property=\"og:site_name\" content=\"Fontaner\u00eda Merino\" \/>\n<meta property=\"article:modified_time\" content=\"2025-03-17T08:13:40+00:00\" \/>\n<meta property=\"og:image\" content=\"https:\/\/fontaneriamerino.com\/wp-content\/uploads\/2016\/08\/logo.jpg\" \/>\n\t<meta property=\"og:image:width\" content=\"479\" \/>\n\t<meta property=\"og:image:height\" content=\"122\" \/>\n\t<meta property=\"og:image:type\" content=\"image\/jpeg\" \/>\n<meta name=\"twitter:card\" content=\"summary_large_image\" \/>\n<meta name=\"twitter:label1\" content=\"Est. reading time\" \/>\n\t<meta name=\"twitter:data1\" content=\"2 minutua\" \/>\n<script type=\"application\/ld+json\" class=\"yoast-schema-graph\">{\"@context\":\"https:\\\/\\\/schema.org\",\"@graph\":[{\"@type\":\"WebPage\",\"@id\":\"https:\\\/\\\/fontaneriamerino.com\\\/servicios\\\/instalaciones-de-calefaccion\\\/\",\"url\":\"https:\\\/\\\/fontaneriamerino.com\\\/servicios\\\/instalaciones-de-calefaccion\\\/\",\"name\":\"Instalaciones de calefacci\u00f3n - Fontaner\u00eda Merino\",\"isPartOf\":{\"@id\":\"https:\\\/\\\/fontaneriamerino.com\\\/#website\"},\"datePublished\":\"2016-07-21T11:13:52+00:00\",\"dateModified\":\"2025-03-17T08:13:40+00:00\",\"description\":\"Instalaciones de calefacci\u00f3n y agua caliente sanitaria, calefacciones Individuales o comunitarias, calderas murales \u00f3 de p\u00ede; a gas \u00f3 a gas\u00f3leo.\",\"breadcrumb\":{\"@id\":\"https:\\\/\\\/fontaneriamerino.com\\\/servicios\\\/instalaciones-de-calefaccion\\\/#breadcrumb\"},\"inLanguage\":\"eu\",\"potentialAction\":[{\"@type\":\"ReadAction\",\"target\":[\"https:\\\/\\\/fontaneriamerino.com\\\/servicios\\\/instalaciones-de-calefaccion\\\/\"]}]},{\"@type\":\"BreadcrumbList\",\"@id\":\"https:\\\/\\\/fontaneriamerino.com\\\/servicios\\\/instalaciones-de-calefaccion\\\/#breadcrumb\",\"itemListElement\":[{\"@type\":\"ListItem\",\"position\":1,\"name\":\"Portada\",\"item\":\"https:\\\/\\\/fontaneriamerino.com\\\/\"},{\"@type\":\"ListItem\",\"position\":2,\"name\":\"Servicios(borrador)\",\"item\":\"https:\\\/\\\/fontaneriamerino.com\\\/servicios\\\/\"},{\"@type\":\"ListItem\",\"position\":3,\"name\":\"Instalaciones de calefacci\u00f3n\"}]},{\"@type\":\"WebSite\",\"@id\":\"https:\\\/\\\/fontaneriamerino.com\\\/#website\",\"url\":\"https:\\\/\\\/fontaneriamerino.com\\\/\",\"name\":\"Fontaner\u00eda Merino\",\"description\":\"SANEAMIENTO E INSTALACIONES DE GAS Y CALEFACCION REVISION, MANTENIMIENTO Y REPARACION DE CALDERAS  Y CALENTADORES\",\"publisher\":{\"@id\":\"https:\\\/\\\/fontaneriamerino.com\\\/#organization\"},\"potentialAction\":[{\"@type\":\"SearchAction\",\"target\":{\"@type\":\"EntryPoint\",\"urlTemplate\":\"https:\\\/\\\/fontaneriamerino.com\\\/?s={search_term_string}\"},\"query-input\":{\"@type\":\"PropertyValueSpecification\",\"valueRequired\":true,\"valueName\":\"search_term_string\"}}],\"inLanguage\":\"eu\"},{\"@type\":\"Organization\",\"@id\":\"https:\\\/\\\/fontaneriamerino.com\\\/#organization\",\"name\":\"Fontaner\u00eda Merino\",\"alternateName\":\"Fontaner\u00eda Merino\",\"url\":\"https:\\\/\\\/fontaneriamerino.com\\\/\",\"logo\":{\"@type\":\"ImageObject\",\"inLanguage\":\"eu\",\"@id\":\"https:\\\/\\\/fontaneriamerino.com\\\/#\\\/schema\\\/logo\\\/image\\\/\",\"url\":\"https:\\\/\\\/fontaneriamerino.com\\\/wp-content\\\/uploads\\\/2016\\\/07\\\/cropped-logo.jpg\",\"contentUrl\":\"https:\\\/\\\/fontaneriamerino.com\\\/wp-content\\\/uploads\\\/2016\\\/07\\\/cropped-logo.jpg\",\"width\":512,\"height\":512,\"caption\":\"Fontaner\u00eda Merino\"},\"image\":{\"@id\":\"https:\\\/\\\/fontaneriamerino.com\\\/#\\\/schema\\\/logo\\\/image\\\/\"}}]}<\/script>\n<!-- \/ Yoast SEO plugin. -->","yoast_head_json":{"title":"Instalaciones de calefacci\u00f3n - Fontaner\u00eda Merino","description":"Instalaciones de calefacci\u00f3n y agua caliente sanitaria, calefacciones Individuales o comunitarias, calderas murales \u00f3 de p\u00ede; a gas \u00f3 a gas\u00f3leo.","robots":{"index":"index","follow":"follow","max-snippet":"max-snippet:-1","max-image-preview":"max-image-preview:large","max-video-preview":"max-video-preview:-1"},"canonical":"https:\/\/fontaneriamerino.com\/eu_eu\/servicios\/instalaciones-de-calefaccion\/","og_locale":"en_US","og_type":"article","og_title":"Instalaciones de calefacci\u00f3n - Fontaner\u00eda Merino","og_description":"Instalaciones de calefacci\u00f3n y agua caliente sanitaria, calefacciones Individuales o comunitarias, calderas murales \u00f3 de p\u00ede; a gas \u00f3 a gas\u00f3leo.","og_url":"https:\/\/fontaneriamerino.com\/eu_eu\/servicios\/instalaciones-de-calefaccion\/","og_site_name":"Fontaner\u00eda Merino","article_modified_time":"2025-03-17T08:13:40+00:00","og_image":[{"width":479,"height":122,"url":"https:\/\/fontaneriamerino.com\/wp-content\/uploads\/2016\/08\/logo.jpg","type":"image\/jpeg"}],"twitter_card":"summary_large_image","twitter_misc":{"Est. reading time":"2 minutua"},"schema":{"@context":"https:\/\/schema.org","@graph":[{"@type":"WebPage","@id":"https:\/\/fontaneriamerino.com\/servicios\/instalaciones-de-calefaccion\/","url":"https:\/\/fontaneriamerino.com\/servicios\/instalaciones-de-calefaccion\/","name":"Instalaciones de calefacci\u00f3n - Fontaner\u00eda Merino","isPartOf":{"@id":"https:\/\/fontaneriamerino.com\/#website"},"datePublished":"2016-07-21T11:13:52+00:00","dateModified":"2025-03-17T08:13:40+00:00","description":"Instalaciones de calefacci\u00f3n y agua caliente sanitaria, calefacciones Individuales o comunitarias, calderas murales \u00f3 de p\u00ede; a gas \u00f3 a gas\u00f3leo.","breadcrumb":{"@id":"https:\/\/fontaneriamerino.com\/servicios\/instalaciones-de-calefaccion\/#breadcrumb"},"inLanguage":"eu","potentialAction":[{"@type":"ReadAction","target":["https:\/\/fontaneriamerino.com\/servicios\/instalaciones-de-calefaccion\/"]}]},{"@type":"BreadcrumbList","@id":"https:\/\/fontaneriamerino.com\/servicios\/instalaciones-de-calefaccion\/#breadcrumb","itemListElement":[{"@type":"ListItem","position":1,"name":"Portada","item":"https:\/\/fontaneriamerino.com\/"},{"@type":"ListItem","position":2,"name":"Servicios(borrador)","item":"https:\/\/fontaneriamerino.com\/servicios\/"},{"@type":"ListItem","position":3,"name":"Instalaciones de calefacci\u00f3n"}]},{"@type":"WebSite","@id":"https:\/\/fontaneriamerino.com\/#website","url":"https:\/\/fontaneriamerino.com\/","name":"Fontaner\u00eda Merino","description":"SANEAMIENTO E INSTALACIONES DE GAS Y CALEFACCION REVISION, MANTENIMIENTO Y REPARACION DE CALDERAS  Y CALENTADORES","publisher":{"@id":"https:\/\/fontaneriamerino.com\/#organization"},"potentialAction":[{"@type":"SearchAction","target":{"@type":"EntryPoint","urlTemplate":"https:\/\/fontaneriamerino.com\/?s={search_term_string}"},"query-input":{"@type":"PropertyValueSpecification","valueRequired":true,"valueName":"search_term_string"}}],"inLanguage":"eu"},{"@type":"Organization","@id":"https:\/\/fontaneriamerino.com\/#organization","name":"Fontaner\u00eda Merino","alternateName":"Fontaner\u00eda Merino","url":"https:\/\/fontaneriamerino.com\/","logo":{"@type":"ImageObject","inLanguage":"eu","@id":"https:\/\/fontaneriamerino.com\/#\/schema\/logo\/image\/","url":"https:\/\/fontaneriamerino.com\/wp-content\/uploads\/2016\/07\/cropped-logo.jpg","contentUrl":"https:\/\/fontaneriamerino.com\/wp-content\/uploads\/2016\/07\/cropped-logo.jpg","width":512,"height":512,"caption":"Fontaner\u00eda Merino"},"image":{"@id":"https:\/\/fontaneriamerino.com\/#\/schema\/logo\/image\/"}}]}},"_links":{"self":[{"href":"https:\/\/fontaneriamerino.com\/eu_eu\/wp-json\/wp\/v2\/pages\/129","targetHints":{"allow":["GET"]}}],"collection":[{"href":"https:\/\/fontaneriamerino.com\/eu_eu\/wp-json\/wp\/v2\/pages"}],"about":[{"href":"https:\/\/fontaneriamerino.com\/eu_eu\/wp-json\/wp\/v2\/types\/page"}],"author":[{"embeddable":true,"href":"https:\/\/fontaneriamerino.com\/eu_eu\/wp-json\/wp\/v2\/users\/1"}],"replies":[{"embeddable":true,"href":"https:\/\/fontaneriamerino.com\/eu_eu\/wp-json\/wp\/v2\/comments?post=129"}],"version-history":[{"count":1,"href":"https:\/\/fontaneriamerino.com\/eu_eu\/wp-json\/wp\/v2\/pages\/129\/revisions"}],"predecessor-version":[{"id":938,"href":"https:\/\/fontaneriamerino.com\/eu_eu\/wp-json\/wp\/v2\/pages\/129\/revisions\/938"}],"up":[{"embeddable":true,"href":"https:\/\/fontaneriamerino.com\/eu_eu\/wp-json\/wp\/v2\/pages\/58"}],"wp:attachment":[{"href":"https:\/\/fontaneriamerino.com\/eu_eu\/wp-json\/wp\/v2\/media?parent=129"}],"curies":[{"name":"wp","href":"https:\/\/api.w.org\/{rel}","templated":true}]}}