{"id":205,"date":"2016-07-20T13:40:51","date_gmt":"2016-07-20T13:40:51","guid":{"rendered":"http:\/\/fontaneriamerino.com\/empresa\/?lang=eu"},"modified":"2025-03-14T13:57:14","modified_gmt":"2025-03-14T12:57:14","slug":"enpresa","status":"publish","type":"page","link":"https:\/\/fontaneriamerino.com\/es_es\/enpresa\/","title":{"rendered":"Enpresa"},"content":{"rendered":"<div class=\"fusion-fullwidth fullwidth-box fusion-builder-row-1 hundred-percent-fullwidth non-hundred-percent-height-scrolling\" style=\"background-color: rgba(255,255,255,0);background-position: center center;background-repeat: no-repeat;padding-top:0px;padding-right:0px;padding-bottom:0px;padding-left:0px;margin-bottom: 0px;margin-top: 0px;border-width: 0px 0px 0px 0px;border-color:#eae9e9;border-style:solid;\" ><div class=\"fusion-builder-row fusion-row\"><div class=\"fusion-layout-column fusion_builder_column fusion-builder-column-0 fusion_builder_column_1_1 1_1 fusion-one-full fusion-column-first fusion-column-last fusion-animated\" style=\"margin-top:0px;margin-bottom:20px;\" data-animationType=\"fadeInDown\" data-animationDuration=\"0.1\" data-animationOffset=\"100%\"><div class=\"fusion-column-wrapper fusion-flex-column-wrapper-legacy\" style=\"background-position:left top;background-repeat:no-repeat;-webkit-background-size:cover;-moz-background-size:cover;-o-background-size:cover;background-size:cover;padding: 0px 0px 0px 0px;\"><div class=\"fusion-text fusion-text-1\" style=\"transform:translate3d(0,0,0);\"><p data-start=\"44\" data-end=\"65\"><strong data-start=\"44\" data-end=\"65\">Fontaner\u00eda Merino<\/strong><\/p>\n<p data-start=\"67\" data-end=\"171\"><strong data-start=\"67\" data-end=\"91\">Fontaner\u00eda Merino SL<\/strong>, Donostian (Gipuzkoa) 1.974. urtean sortu zen iturgintza zerbitzuen enpresa da.<\/p>\n<p data-start=\"173\" data-end=\"260\"><strong data-start=\"173\" data-end=\"213\">35 urte baino gehiagoko esperientzia<\/strong> dugu iturgintza, gas eta berokuntza sektorean.<\/p>\n<p data-start=\"262\" data-end=\"912\"><strong data-start=\"262\" data-end=\"290\">35 urte baino gehiagotan<\/strong>, enpresaren jarduera guztizko bezeroei, enpresei, jabetza-komunitateei eta azken bezeroei zuzenduta dago. Iturgintza zerbitzuen enpresa bat gara, iturgintza instalazioak (bainu eta sukaldeko eraberritzeak), gas (naturala edo GLP), berokuntza eta klimatizazioak (instalazio eta mantentze lanak komunitateetan eta partikularretan) egiten dituen eta azken teknologia erabiliz kanalizazioen, drainatzeen, tximineen eta abarretako ikuskapenak (telebistako kamera bidez) eta irudiak grabatzeko zerbitzuak eskaintzen dituena. Gure lanak garatzeko beharrezko ziurtagiriak ditugu (Eusko Jaurlaritzako Industria sailak emandakoak).<\/p>\n<\/div><div class=\"fusion-text fusion-text-2\" style=\"transform:translate3d(0,0,0);\"><p>Fontaner\u00eda Merino<\/p>\n<p><strong>Fontaneria Merino SL<\/strong>, es una empresa de servicios de fontaner\u00eda que fue fundada en Donostia &#8211; San Sebasti\u00e1n (Guip\u00fazcoa) en 1.974.<\/p>\n<p><strong>M\u00e1s de 35 a\u00f1os de experiencia en el sector de la fontaner\u00eda, gas y calefacci\u00f3n.<\/strong><\/p>\n<p>Desde hace m\u00e1s de<\/p>\n<p><img decoding=\"async\" class=\"size-full wp-image-50 alignright lazyload\" data-src=\"http:\/\/fontaneriamerino.com\/wp-content\/uploads\/2016\/07\/imgEmpresa.jpg\" alt=\"Fontaner\u00eda Merino\" width=\"254\" height=\"176\" data-srcset=\"https:\/\/fontaneriamerino.com\/wp-content\/uploads\/2016\/07\/imgEmpresa-200x139.jpg 200w, https:\/\/fontaneriamerino.com\/wp-content\/uploads\/2016\/07\/imgEmpresa.jpg 254w\" data-sizes=\"(max-width: 254px) 100vw, 254px\" src=\"data:image\/svg+xml;base64,PHN2ZyB3aWR0aD0iMSIgaGVpZ2h0PSIxIiB4bWxucz0iaHR0cDovL3d3dy53My5vcmcvMjAwMC9zdmciPjwvc3ZnPg==\" style=\"--smush-placeholder-width: 254px; --smush-placeholder-aspect-ratio: 254\/176;\" \/><\/p>\n<p>35 a\u00f1os la actividad de la empresa se dirige a todo tipo de clientes, empresas, comunidades de propietarios y clientes finales, una\u00a0empresa de servicios de fontaner\u00eda, dedicada a realizar instalaciones de<strong> Fontaner\u00eda<\/strong> (reformas de ba\u00f1os y cocinas), Gas (natural \u00f3 GLP), <strong>Calefacci\u00f3n y Climatizaci\u00f3n<\/strong> (instalaciones y mantenimiento a comunidades y particulares) y las \u00faltimas tecnolog\u00edas en Inspecci\u00f3n con c\u00e1mara de televisi\u00f3n (TV) de tuber\u00edas, desag\u00fces, chimeneas, etc. y grabaci\u00f3n de im\u00e1genes en video para su estudio. Disponemos de los carnets acreditativos necesarios para el desarrollo de estas actividades (expedidos por el departamento de Industria del Gobierno Vasco).<\/p>\n<\/div><div class=\"fusion-text fusion-text-3\" style=\"transform:translate3d(0,0,0);\"><p>Nuestro equipo de trabajo se encuentra en constante innovaci\u00f3n y formaci\u00f3n de los nuevos materiales y normativas que salen al mercado.<\/p>\n<p>Somos empresa de servicios de <strong>de fontaner\u00eda, gas y calefacci\u00f3n<\/strong> consolidada y reconocida en el sector.<\/p>\n<p>Igualmente estamos implicados en la seguridad en el trabajo de nuestros profesionales. Para ello disponemos de un Manual de Prevenci\u00f3n de Riesgos Laborales, adaptado a nuestro entorno laboral y respaldamos una constante formaci\u00f3n de toda nuestra plantilla.<\/p>\n<\/div><style type=\"text\/css\"><\/style><div class=\"fusion-title title fusion-title-1 fusion-title-text fusion-title-size-one\" style=\"margin-top:0px;margin-bottom:31px;\"><h1 class=\"title-heading-left\" style=\"margin:0;\">Empresa de fontaner\u00eda, Gas y calefacci\u00f3n<\/h1><div class=\"title-sep-container\"><div class=\"title-sep sep-double sep-solid\" style=\"border-color:#e0dede;\"><\/div><\/div><\/div><div class=\"fusion-text fusion-text-4\" style=\"transform:translate3d(0,0,0);\"><p><img decoding=\"async\" class=\"wp-image-51 alignright lazyload\" data-src=\"http:\/\/fontaneriamerino.com\/wp-content\/uploads\/2016\/07\/imgEmpresa2.jpg\" alt=\"Fontaner\u00eda Merino\" width=\"277\" height=\"181\" data-srcset=\"https:\/\/fontaneriamerino.com\/wp-content\/uploads\/2016\/07\/imgEmpresa2-200x131.jpg 200w, https:\/\/fontaneriamerino.com\/wp-content\/uploads\/2016\/07\/imgEmpresa2.jpg 242w\" data-sizes=\"(max-width: 277px) 100vw, 277px\" src=\"data:image\/svg+xml;base64,PHN2ZyB3aWR0aD0iMSIgaGVpZ2h0PSIxIiB4bWxucz0iaHR0cDovL3d3dy53My5vcmcvMjAwMC9zdmciPjwvc3ZnPg==\" style=\"--smush-placeholder-width: 277px; --smush-placeholder-aspect-ratio: 277\/181;\" \/>Trabajamos estrechamente con las empresas suministradoras de gas <strong>Naturgas y Repsol<\/strong>. Estamos asociados desde sus inicios a Instagi, la Asociaci\u00f3n Empresarial de Instaladores y Mantenedores de Guip\u00fazcoa.<\/p>\n<p>Contamos con un Seguro de Responsabilidad Civil por un importe de 901.518,- \u20ac (150 millones de ptas) que cubre todos nuestros trabajos. Y estamos adheridos a la junta de Arbitraje de Consumo del Gobierno Vasco.<\/p>\n<p>Arbitraje Consumo:<\/p>\n<p><a href=\"http:\/\/www.kontsumobide.euskadi.eus\/y10-kbinfo05\/es\/contenidos\/informacion\/kb_arbitraje_consumo\/es_info\/arbitraje_de_consumo.html#juntaArbitral\" target=\"_blank\" rel=\"noopener noreferrer\"><img decoding=\"async\" class=\"alignnone size-full wp-image-447 lazyload\" data-src=\"http:\/\/fontaneriamerino.com\/wp-content\/uploads\/2016\/07\/y10-logo-kontsumo.png\" alt=\"Arbitraje de consumo\" width=\"256\" height=\"76\" data-srcset=\"https:\/\/fontaneriamerino.com\/wp-content\/uploads\/2016\/07\/y10-logo-kontsumo-200x59.png 200w, https:\/\/fontaneriamerino.com\/wp-content\/uploads\/2016\/07\/y10-logo-kontsumo.png 256w\" data-sizes=\"(max-width: 256px) 100vw, 256px\" src=\"data:image\/svg+xml;base64,PHN2ZyB3aWR0aD0iMSIgaGVpZ2h0PSIxIiB4bWxucz0iaHR0cDovL3d3dy53My5vcmcvMjAwMC9zdmciPjwvc3ZnPg==\" style=\"--smush-placeholder-width: 256px; --smush-placeholder-aspect-ratio: 256\/76;\" \/><\/a><\/p>\n<\/div><style type='text\/css'>.reading-box-container-1 .element-bottomshadow:before,.reading-box-container-1 .element-bottomshadow:after{opacity:0.70;}<\/style><div class=\"fusion-reading-box-container reading-box-container-1\" style=\"margin-top:0px;margin-bottom:84px;\"><div class=\"reading-box\" style=\"background-color:#f6f6f6;border-width:1px;border-color:#f6f6f6;border-left-width:3px;border-left-color:var(--primary_color);border-style:solid;\"><a class=\"button fusion-button button-default fusion-button-large button-large button-flat fusion-desktop-button fusion-tagline-button continue fusion-desktop-button-margin continue-right\" style=\"-webkit-box-shadow:none;-moz-box-shadow:none;box-shadow:none;border-radius:1px;\" href=\"\/contacto\" target=\"_self\"><span>Inf\u00f3rmese sin compromiso<\/span><\/a><h2>\u00bfNecesita un fontanero para su hogar?<\/h2><div class=\"reading-box-description fusion-reading-box-additional\">Fontaneros de Donostia San Sebastian - Atendemos en Gipuzkoa\nSan Sebasti\u00e1n - Donostia, Ir\u00fan, Errenteria, Hondarribia, Hernani, Urnieta, Andoain, Lasarte, Orio, Astigarraga, Tolosa, Oiartzun, Zarautz.\n\n<\/div><div class=\"reading-box-additional\">\r\n\r\nEn Fontaner\u00eda Merino somos expertos en todo tipo de instalaciones y reparaciones.\r\n\r\n<\/div><div class=\"fusion-clearfix\"><\/div><a class=\"button fusion-button button-default fusion-button-large button-large button-flat fusion-mobile-button continue-right\" style=\"-webkit-box-shadow:none;-moz-box-shadow:none;box-shadow:none;border-radius:1px;\" href=\"\/contacto\" target=\"_self\"><span>Inf\u00f3rmese sin compromiso<\/span><\/a><\/div><\/div><div class=\"fusion-clearfix\"><\/div><\/div><\/div><\/div><style type=\"text\/css\">.fusion-builder-row-1{filter: saturate(50%) brightness(50%) opacity(49%);transition: filter 0.3s ease;}.fusion-builder-row-1:hover{filter: saturate(100%) brightness(100%) opacity(100%);}.fusion-fullwidth.fusion-builder-row-1 { overflow:visible; }<\/style><\/div>\n","protected":false},"excerpt":{"rendered":"","protected":false},"author":1,"featured_media":0,"parent":0,"menu_order":0,"comment_status":"closed","ping_status":"closed","template":"","meta":{"footnotes":""},"class_list":["post-205","page","type-page","status-publish","hentry"],"yoast_head":"<!-- This site is optimized with the Yoast SEO plugin v27.5 - https:\/\/yoast.com\/product\/yoast-seo-wordpress\/ -->\n<title>Enpresa - Fontaner\u00eda Merino Iturgintza Donosti (Gipuzkoa)<\/title>\n<meta name=\"description\" content=\"Fontaneria Merino SL enpresa, Donostia-n sortu zen (Gipuzkoa) 1.974an. Iturgintzako gasa eta berokuntza sektorean 35 urteko esperientzia daukagu.\" \/>\n<meta name=\"robots\" content=\"index, follow, max-snippet:-1, max-image-preview:large, max-video-preview:-1\" \/>\n<link rel=\"canonical\" href=\"https:\/\/fontaneriamerino.com\/es_es\/?page_id=49\" \/>\n<meta property=\"og:locale\" content=\"es_ES\" \/>\n<meta property=\"og:type\" content=\"article\" \/>\n<meta property=\"og:title\" content=\"Enpresa - Fontaner\u00eda Merino Iturgintza Donosti (Gipuzkoa)\" \/>\n<meta property=\"og:description\" content=\"Fontaneria Merino SL enpresa, Donostia-n sortu zen (Gipuzkoa) 1.974an. Iturgintzako gasa eta berokuntza sektorean 35 urteko esperientzia daukagu.\" \/>\n<meta property=\"og:url\" content=\"https:\/\/fontaneriamerino.com\/es_es\/?page_id=49\" \/>\n<meta property=\"og:site_name\" content=\"Fontaner\u00eda Merino\" \/>\n<meta property=\"article:modified_time\" content=\"2025-03-14T12:57:14+00:00\" \/>\n<meta property=\"og:image\" content=\"http:\/\/fontaneriamerino.com\/wp-content\/uploads\/2016\/07\/imgEmpresa.jpg\" \/>\n<meta name=\"twitter:card\" content=\"summary_large_image\" \/>\n<meta name=\"twitter:label1\" content=\"Tiempo de lectura\" \/>\n\t<meta name=\"twitter:data1\" content=\"5 minutos\" \/>\n<script type=\"application\/ld+json\" class=\"yoast-schema-graph\">{\"@context\":\"https:\\\/\\\/schema.org\",\"@graph\":[{\"@type\":\"WebPage\",\"@id\":\"https:\\\/\\\/fontaneriamerino.com\\\/?page_id=49\",\"url\":\"https:\\\/\\\/fontaneriamerino.com\\\/?page_id=49\",\"name\":\"Enpresa - Fontaner\u00eda Merino Iturgintza Donosti (Gipuzkoa)\",\"isPartOf\":{\"@id\":\"https:\\\/\\\/fontaneriamerino.com\\\/#website\"},\"primaryImageOfPage\":{\"@id\":\"https:\\\/\\\/fontaneriamerino.com\\\/?page_id=49#primaryimage\"},\"image\":{\"@id\":\"https:\\\/\\\/fontaneriamerino.com\\\/?page_id=49#primaryimage\"},\"thumbnailUrl\":\"http:\\\/\\\/fontaneriamerino.com\\\/wp-content\\\/uploads\\\/2016\\\/07\\\/imgEmpresa.jpg\",\"datePublished\":\"2016-07-20T13:40:51+00:00\",\"dateModified\":\"2025-03-14T12:57:14+00:00\",\"description\":\"Fontaneria Merino SL enpresa, Donostia-n sortu zen (Gipuzkoa) 1.974an. Iturgintzako gasa eta berokuntza sektorean 35 urteko esperientzia daukagu.\",\"breadcrumb\":{\"@id\":\"https:\\\/\\\/fontaneriamerino.com\\\/?page_id=49#breadcrumb\"},\"inLanguage\":\"es\",\"potentialAction\":[{\"@type\":\"ReadAction\",\"target\":[\"https:\\\/\\\/fontaneriamerino.com\\\/?page_id=49\"]}]},{\"@type\":\"ImageObject\",\"inLanguage\":\"es\",\"@id\":\"https:\\\/\\\/fontaneriamerino.com\\\/?page_id=49#primaryimage\",\"url\":\"http:\\\/\\\/fontaneriamerino.com\\\/wp-content\\\/uploads\\\/2016\\\/07\\\/imgEmpresa.jpg\",\"contentUrl\":\"http:\\\/\\\/fontaneriamerino.com\\\/wp-content\\\/uploads\\\/2016\\\/07\\\/imgEmpresa.jpg\"},{\"@type\":\"BreadcrumbList\",\"@id\":\"https:\\\/\\\/fontaneriamerino.com\\\/?page_id=49#breadcrumb\",\"itemListElement\":[{\"@type\":\"ListItem\",\"position\":1,\"name\":\"Portada\",\"item\":\"https:\\\/\\\/fontaneriamerino.com\\\/\"},{\"@type\":\"ListItem\",\"position\":2,\"name\":\"Enpresa\"}]},{\"@type\":\"WebSite\",\"@id\":\"https:\\\/\\\/fontaneriamerino.com\\\/#website\",\"url\":\"https:\\\/\\\/fontaneriamerino.com\\\/\",\"name\":\"Fontaner\u00eda Merino\",\"description\":\"SANEAMIENTO E INSTALACIONES DE GAS Y CALEFACCION REVISION, MANTENIMIENTO Y REPARACION DE CALDERAS  Y CALENTADORES\",\"publisher\":{\"@id\":\"https:\\\/\\\/fontaneriamerino.com\\\/#organization\"},\"potentialAction\":[{\"@type\":\"SearchAction\",\"target\":{\"@type\":\"EntryPoint\",\"urlTemplate\":\"https:\\\/\\\/fontaneriamerino.com\\\/?s={search_term_string}\"},\"query-input\":{\"@type\":\"PropertyValueSpecification\",\"valueRequired\":true,\"valueName\":\"search_term_string\"}}],\"inLanguage\":\"es\"},{\"@type\":\"Organization\",\"@id\":\"https:\\\/\\\/fontaneriamerino.com\\\/#organization\",\"name\":\"Fontaner\u00eda Merino\",\"alternateName\":\"Fontaner\u00eda Merino\",\"url\":\"https:\\\/\\\/fontaneriamerino.com\\\/\",\"logo\":{\"@type\":\"ImageObject\",\"inLanguage\":\"es\",\"@id\":\"https:\\\/\\\/fontaneriamerino.com\\\/#\\\/schema\\\/logo\\\/image\\\/\",\"url\":\"https:\\\/\\\/fontaneriamerino.com\\\/wp-content\\\/uploads\\\/2016\\\/07\\\/cropped-logo.jpg\",\"contentUrl\":\"https:\\\/\\\/fontaneriamerino.com\\\/wp-content\\\/uploads\\\/2016\\\/07\\\/cropped-logo.jpg\",\"width\":512,\"height\":512,\"caption\":\"Fontaner\u00eda Merino\"},\"image\":{\"@id\":\"https:\\\/\\\/fontaneriamerino.com\\\/#\\\/schema\\\/logo\\\/image\\\/\"}}]}<\/script>\n<!-- \/ Yoast SEO plugin. -->","yoast_head_json":{"title":"Enpresa - Fontaner\u00eda Merino Iturgintza Donosti (Gipuzkoa)","description":"Fontaneria Merino SL enpresa, Donostia-n sortu zen (Gipuzkoa) 1.974an. Iturgintzako gasa eta berokuntza sektorean 35 urteko esperientzia daukagu.","robots":{"index":"index","follow":"follow","max-snippet":"max-snippet:-1","max-image-preview":"max-image-preview:large","max-video-preview":"max-video-preview:-1"},"canonical":"https:\/\/fontaneriamerino.com\/es_es\/?page_id=49","og_locale":"es_ES","og_type":"article","og_title":"Enpresa - Fontaner\u00eda Merino Iturgintza Donosti (Gipuzkoa)","og_description":"Fontaneria Merino SL enpresa, Donostia-n sortu zen (Gipuzkoa) 1.974an. Iturgintzako gasa eta berokuntza sektorean 35 urteko esperientzia daukagu.","og_url":"https:\/\/fontaneriamerino.com\/es_es\/?page_id=49","og_site_name":"Fontaner\u00eda Merino","article_modified_time":"2025-03-14T12:57:14+00:00","og_image":[{"url":"http:\/\/fontaneriamerino.com\/wp-content\/uploads\/2016\/07\/imgEmpresa.jpg","type":"","width":"","height":""}],"twitter_card":"summary_large_image","twitter_misc":{"Tiempo de lectura":"5 minutos"},"schema":{"@context":"https:\/\/schema.org","@graph":[{"@type":"WebPage","@id":"https:\/\/fontaneriamerino.com\/?page_id=49","url":"https:\/\/fontaneriamerino.com\/?page_id=49","name":"Enpresa - Fontaner\u00eda Merino Iturgintza Donosti (Gipuzkoa)","isPartOf":{"@id":"https:\/\/fontaneriamerino.com\/#website"},"primaryImageOfPage":{"@id":"https:\/\/fontaneriamerino.com\/?page_id=49#primaryimage"},"image":{"@id":"https:\/\/fontaneriamerino.com\/?page_id=49#primaryimage"},"thumbnailUrl":"http:\/\/fontaneriamerino.com\/wp-content\/uploads\/2016\/07\/imgEmpresa.jpg","datePublished":"2016-07-20T13:40:51+00:00","dateModified":"2025-03-14T12:57:14+00:00","description":"Fontaneria Merino SL enpresa, Donostia-n sortu zen (Gipuzkoa) 1.974an. Iturgintzako gasa eta berokuntza sektorean 35 urteko esperientzia daukagu.","breadcrumb":{"@id":"https:\/\/fontaneriamerino.com\/?page_id=49#breadcrumb"},"inLanguage":"es","potentialAction":[{"@type":"ReadAction","target":["https:\/\/fontaneriamerino.com\/?page_id=49"]}]},{"@type":"ImageObject","inLanguage":"es","@id":"https:\/\/fontaneriamerino.com\/?page_id=49#primaryimage","url":"http:\/\/fontaneriamerino.com\/wp-content\/uploads\/2016\/07\/imgEmpresa.jpg","contentUrl":"http:\/\/fontaneriamerino.com\/wp-content\/uploads\/2016\/07\/imgEmpresa.jpg"},{"@type":"BreadcrumbList","@id":"https:\/\/fontaneriamerino.com\/?page_id=49#breadcrumb","itemListElement":[{"@type":"ListItem","position":1,"name":"Portada","item":"https:\/\/fontaneriamerino.com\/"},{"@type":"ListItem","position":2,"name":"Enpresa"}]},{"@type":"WebSite","@id":"https:\/\/fontaneriamerino.com\/#website","url":"https:\/\/fontaneriamerino.com\/","name":"Fontaner\u00eda Merino","description":"SANEAMIENTO E INSTALACIONES DE GAS Y CALEFACCION REVISION, MANTENIMIENTO Y REPARACION DE CALDERAS  Y CALENTADORES","publisher":{"@id":"https:\/\/fontaneriamerino.com\/#organization"},"potentialAction":[{"@type":"SearchAction","target":{"@type":"EntryPoint","urlTemplate":"https:\/\/fontaneriamerino.com\/?s={search_term_string}"},"query-input":{"@type":"PropertyValueSpecification","valueRequired":true,"valueName":"search_term_string"}}],"inLanguage":"es"},{"@type":"Organization","@id":"https:\/\/fontaneriamerino.com\/#organization","name":"Fontaner\u00eda Merino","alternateName":"Fontaner\u00eda Merino","url":"https:\/\/fontaneriamerino.com\/","logo":{"@type":"ImageObject","inLanguage":"es","@id":"https:\/\/fontaneriamerino.com\/#\/schema\/logo\/image\/","url":"https:\/\/fontaneriamerino.com\/wp-content\/uploads\/2016\/07\/cropped-logo.jpg","contentUrl":"https:\/\/fontaneriamerino.com\/wp-content\/uploads\/2016\/07\/cropped-logo.jpg","width":512,"height":512,"caption":"Fontaner\u00eda Merino"},"image":{"@id":"https:\/\/fontaneriamerino.com\/#\/schema\/logo\/image\/"}}]}},"_links":{"self":[{"href":"https:\/\/fontaneriamerino.com\/es_es\/wp-json\/wp\/v2\/pages\/205","targetHints":{"allow":["GET"]}}],"collection":[{"href":"https:\/\/fontaneriamerino.com\/es_es\/wp-json\/wp\/v2\/pages"}],"about":[{"href":"https:\/\/fontaneriamerino.com\/es_es\/wp-json\/wp\/v2\/types\/page"}],"author":[{"embeddable":true,"href":"https:\/\/fontaneriamerino.com\/es_es\/wp-json\/wp\/v2\/users\/1"}],"replies":[{"embeddable":true,"href":"https:\/\/fontaneriamerino.com\/es_es\/wp-json\/wp\/v2\/comments?post=205"}],"version-history":[{"count":2,"href":"https:\/\/fontaneriamerino.com\/es_es\/wp-json\/wp\/v2\/pages\/205\/revisions"}],"predecessor-version":[{"id":903,"href":"https:\/\/fontaneriamerino.com\/es_es\/wp-json\/wp\/v2\/pages\/205\/revisions\/903"}],"wp:attachment":[{"href":"https:\/\/fontaneriamerino.com\/es_es\/wp-json\/wp\/v2\/media?parent=205"}],"curies":[{"name":"wp","href":"https:\/\/api.w.org\/{rel}","templated":true}]}}