{"id":158,"date":"2016-07-21T15:41:38","date_gmt":"2016-07-21T15:41:38","guid":{"rendered":"http:\/\/fontaneriamerino.com\/?page_id=158"},"modified":"2018-11-08T10:01:29","modified_gmt":"2018-11-08T09:01:29","slug":"adaptacion-de-banos-para-minusvalidos","status":"publish","type":"page","link":"https:\/\/fontaneriamerino.com\/es_es\/servicios\/adaptacion-de-banos-para-minusvalidos\/","title":{"rendered":"Adaptaci\u00f3n de ba\u00f1os para minusv\u00e1lidos"},"content":{"rendered":"<div class=\"fusion-fullwidth fullwidth-box fusion-builder-row-1 hundred-percent-fullwidth non-hundred-percent-height-scrolling\" style=\"background-color: rgba(255,255,255,0);background-position: center center;background-repeat: no-repeat;padding-top:0px;padding-right:0px;padding-bottom:0px;padding-left:0px;margin-bottom: 0px;margin-top: 0px;border-width: 0px 0px 0px 0px;border-color:#eae9e9;border-style:solid;\" ><div class=\"fusion-builder-row fusion-row\"><div class=\"fusion-layout-column fusion_builder_column fusion-builder-column-0 fusion_builder_column_1_4 1_4 fusion-one-fourth fusion-column-first\" style=\"width:22%; margin-right: 4%;margin-top:0px;margin-bottom:20px;\"><div class=\"fusion-column-wrapper fusion-flex-column-wrapper-legacy\" style=\"background-position:left top;background-repeat:no-repeat;-webkit-background-size:cover;-moz-background-size:cover;-o-background-size:cover;background-size:cover;padding: 0px 0px 0px 0px;\"><style type=\"text\/css\"><\/style><div class=\"fusion-title title fusion-title-1 fusion-title-text fusion-title-size-two\" style=\"margin-top:0px;margin-bottom:31px;\"><h2 class=\"title-heading-left\" style=\"margin:0;\">Servicios<\/h2><div class=\"title-sep-container\"><div class=\"title-sep sep-double sep-solid\" style=\"border-color:#e0dede;\"><\/div><\/div><\/div><ul class=\"fusion-checklist fusion-checklist-1\" style=\"font-size:13px;line-height:22.1px;\"><li class=\"fusion-li-item\"><span style=\"background-color:#ff0000;font-size:11.44px;height:22.1px;width:22.1px;margin-right:9.1px;\" class=\"icon-wrapper circle-yes\"><i class=\"fusion-li-icon fa fa-chevron-right\" style=\"color:#ffffff;\" aria-hidden=\"true\"><\/i><\/span><div class=\"fusion-li-item-content\" style=\"margin-left:31.2px;\"><a href=\"\/servicios\/instalaciones-de-fontaneria\/\">Instalacines de Fontaner\u00eda<\/a><\/div><\/li><li class=\"fusion-li-item\"><span style=\"background-color:#ff0000;font-size:11.44px;height:22.1px;width:22.1px;margin-right:9.1px;\" class=\"icon-wrapper circle-yes\"><i class=\"fusion-li-icon fa fa-chevron-right\" style=\"color:#ffffff;\" aria-hidden=\"true\"><\/i><\/span><div class=\"fusion-li-item-content\" style=\"margin-left:31.2px;\"><a href=\"http:\/\/fontaneriamerino.com\/instalaciones-de-gas\/\">Instalaciones de Gas<\/a><\/div><\/li><li class=\"fusion-li-item\"><span style=\"background-color:#ff0000;font-size:11.44px;height:22.1px;width:22.1px;margin-right:9.1px;\" class=\"icon-wrapper circle-yes\"><i class=\"fusion-li-icon fa fa-chevron-right\" style=\"color:#ffffff;\" aria-hidden=\"true\"><\/i><\/span><div class=\"fusion-li-item-content\" style=\"margin-left:31.2px;\"><a href=\"http:\/\/fontaneriamerino.com\/instalaciones-de-calefaccion\/\">Instalaciones de Calefacci\u00f3n<\/a><\/div><\/li><li class=\"fusion-li-item\"><span style=\"background-color:#ff0000;font-size:11.44px;height:22.1px;width:22.1px;margin-right:9.1px;\" class=\"icon-wrapper circle-yes\"><i class=\"fusion-li-icon fa fa-chevron-right\" style=\"color:#ffffff;\" aria-hidden=\"true\"><\/i><\/span><div class=\"fusion-li-item-content\" style=\"margin-left:31.2px;\"><a href=\"http:\/\/fontaneriamerino.com\/instalaciones-de-climatizacion\/\">Instalaciones de Climatizaci\u00f3n<\/a><\/div><\/li><li class=\"fusion-li-item\"><span style=\"background-color:#ff0000;font-size:11.44px;height:22.1px;width:22.1px;margin-right:9.1px;\" class=\"icon-wrapper circle-yes\"><i class=\"fusion-li-icon fa fa-chevron-right\" style=\"color:#ffffff;\" aria-hidden=\"true\"><\/i><\/span><div class=\"fusion-li-item-content\" style=\"margin-left:31.2px;\"><a href=\"http:\/\/fontaneriamerino.com\/instalaciones-de-calderas-y-calentadores-a-gas\/\">Instalaciones de Calderas y calentadores a gas<\/a><\/div><\/li><li class=\"fusion-li-item\"><span style=\"background-color:#ff0000;font-size:11.44px;height:22.1px;width:22.1px;margin-right:9.1px;\" class=\"icon-wrapper circle-yes\"><i class=\"fusion-li-icon fa fa-chevron-right\" style=\"color:#ffffff;\" aria-hidden=\"true\"><\/i><\/span><div class=\"fusion-li-item-content\" style=\"margin-left:31.2px;\"><a href=\"http:\/\/fontaneriamerino.com\/mantenimiento-de-comunidades\/\">Mantenimiento de comunidades<\/a><\/div><\/li><li class=\"fusion-li-item\"><span style=\"background-color:#ff0000;font-size:11.44px;height:22.1px;width:22.1px;margin-right:9.1px;\" class=\"icon-wrapper circle-yes\"><i class=\"fusion-li-icon fa fa-chevron-right\" style=\"color:#ffffff;\" aria-hidden=\"true\"><\/i><\/span><div class=\"fusion-li-item-content\" style=\"margin-left:31.2px;\"><a href=\"http:\/\/fontaneriamerino.com\/exposicion-y-venta-de-sanitarios-mobiliario-de-bano\/\">Exposici\u00f3n y venta de sanitarios, mobiliario de ba\u00f1o<\/a><\/div><\/li><li class=\"fusion-li-item\"><span style=\"background-color:#ff0000;font-size:11.44px;height:22.1px;width:22.1px;margin-right:9.1px;\" class=\"icon-wrapper circle-yes\"><i class=\"fusion-li-icon fa fa-chevron-right\" style=\"color:#ffffff;\" aria-hidden=\"true\"><\/i><\/span><div class=\"fusion-li-item-content\" style=\"margin-left:31.2px;\"><a href=\"http:\/\/fontaneriamerino.com\/cambiar-banera-por-ducha\/\">Cambiar ba\u00f1era por ducha<\/a><\/div><\/li><li class=\"fusion-li-item\"><span style=\"background-color:#ff0000;font-size:11.44px;height:22.1px;width:22.1px;margin-right:9.1px;\" class=\"icon-wrapper circle-yes\"><i class=\"fusion-li-icon fa fa-chevron-right\" style=\"color:#ffffff;\" aria-hidden=\"true\"><\/i><\/span><div class=\"fusion-li-item-content\" style=\"margin-left:31.2px;\"><span style=\"color: #ff0000;\"><a style=\"color: #ff0000;\" href=\"\/servicios\/adaptacion-de-banos-para-minusvalidos\/\">Adaptaci\u00f3n de ba\u00f1os para minusv\u00e1lidos<\/a><\/span><\/div><\/li><li class=\"fusion-li-item\"><span style=\"background-color:#ff0000;font-size:11.44px;height:22.1px;width:22.1px;margin-right:9.1px;\" class=\"icon-wrapper circle-yes\"><i class=\"fusion-li-icon fa fa-chevron-right\" style=\"color:#ffffff;\" aria-hidden=\"true\"><\/i><\/span><div class=\"fusion-li-item-content\" style=\"margin-left:31.2px;\"><a href=\"http:\/\/fontaneriamerino.com\/revision-obligatoria-de-calderas\/\">Revisi\u00f3n obligatoria de Calderas<\/a><\/div><\/li><\/ul><div class=\"fusion-button-wrapper\"><style type=\"text\/css\">.fusion-button.button-1 {border-radius:1px;}<\/style><a class=\"fusion-button button-flat fusion-button-default-size button-default button-1 fusion-button-default-span fusion-button-default-type\" target=\"_self\" href=\"http:\/\/fontaneriamerino.com\/servicios\/\"><span class=\"fusion-button-text\">Volver a la secci\u00f3n Servicios<\/span><\/a><\/div><div class=\"fusion-clearfix\"><\/div><\/div><\/div><div class=\"fusion-layout-column fusion_builder_column fusion-builder-column-1 fusion_builder_column_3_4 3_4 fusion-three-fourth fusion-column-last\" style=\"width:74%;margin-top:0px;margin-bottom:20px;\"><div class=\"fusion-column-wrapper fusion-flex-column-wrapper-legacy\" style=\"background-position:left top;background-repeat:no-repeat;-webkit-background-size:cover;-moz-background-size:cover;-o-background-size:cover;background-size:cover;padding: 0px 0px 0px 0px;\"><div class=\"fusion-text fusion-text-1\" style=\"transform:translate3d(0,0,0);\"><p>El cuarto de ba\u00f1o es sin dudas uno de los lugares de primera necesidad en cada hogar, en el caso de las personas con discapacidad, disponer de un <strong>ba\u00f1o adaptado<\/strong> es algo imprescindible, se debe tener en cuenta que adaptar un cuarto de ba\u00f1o es una alternativa si est\u00e1s pensando en hacer una reforma y eres una persona previsora, realizar ciertos cambios es algo que con el tiempo agradecer\u00e1s. Esto te permitir\u00e1 afrontar cualquier eventualidad como la necesidad de convivir con personas mayores o tras alg\u00fan m\u00ednimo accidente.<\/p>\n<p><strong>Suelos antideslizantes &#8211;\u00a0<strong>ba\u00f1os para minusv\u00e1lidos<\/strong><\/strong><\/p>\n<p>Se trata de una necesidad, que podr\u00eda ser extensible a cualquier cuarto de ba\u00f1o, lo usen o no personas con movilidad reducida.<\/p>\n<p><strong>Puerta\u00a0<\/strong><strong>corrediza &#8211;\u00a0<strong><strong>ba\u00f1os para minusv\u00e1lidos<\/strong><\/strong><\/strong><\/p>\n<p>Siempre que sea posible, una puerta corredera embutida (tipo los modelos de Krona) permite ganar un metro cuadrado en el cuarto de ba\u00f1o (el espacio que ocupa la abatible en su apertura). Por tanto, es una buena opci\u00f3n, ya que el cuarto de ba\u00f1o suele ser una estancia peque\u00f1a donde no se puede desaprovechar el m\u00ednimo espacio. Adem\u00e1s facilita mucho el acceso a personas con movilidad reducida que precisan la ayuda de muletas, andadores o sillas de ruedas.<\/p>\n<p><a href=\"http:\/\/fontaneriamerino.com\/cambiar-banera-por-ducha\/\"><strong>Cambiar ba\u00f1era por ducha<\/strong><\/a><\/p>\n<p>Una opci\u00f3n interesante en <strong><a href=\"http:\/\/fontaneriamerino.com\/cambiar-banera-por-ducha\/\">Cambiar ba\u00f1era por ducha<\/a>\u00a0<\/strong>son los platos de ducha antideslizantes de cuarzo, que levantan 3 cm del suelo, aunque existe la opci\u00f3n de dejarlos pr\u00e1cticamente empotrados. Las duchas de obra, con el propio suelo del cuarto de ba\u00f1o y una canaleta lineal en acero inoxidable son otra buena opci\u00f3n.<\/p>\n<p>El <a href=\"http:\/\/fontaneriamerino.com\/cambiar-banera-por-ducha\/\"><strong>Cambiar ba\u00f1era por ducha<\/strong><\/a>\u00a0dura 8 horas en manos de profesionales como Fontaner\u00eda Merino.<\/p>\n<p><strong>Lavabo suspendido<\/strong><\/p>\n<p>Que el lavabo no disponga de pie permite a las personas que se desplazan con silla de ruedas acceder f\u00e1cilmente a \u00e9l. Es una opci\u00f3n que se ha puesto de moda, as\u00ed es que es sencillo encontrar un modelo suspendido que se adapte bien a cualquier cuarto de ba\u00f1o. A partir de 90 \u20ac (109$). Otra opci\u00f3n para personas que se desplazan en silla de ruedas son los modelos encastrables en una encimera situada a baja altura.<\/p>\n<p><strong>Inodoro regulable en altura<\/strong><\/p>\n<p>Existen inodoros regulables en altura mediante un sistema denominado Kinelift. Permite utilizar el mismo cuarto de ba\u00f1o a personas con movilidad reducida y otras de movilidad plena.<\/p>\n<p><strong>Barras de apoyo<\/strong><\/p>\n<p>Permiten una movilidad m\u00e1s sencilla por el cuarto de ba\u00f1o. Es imprescindible disponer de una en la ducha, pero tambi\u00e9n puede ser necesaria en alguna otra pared del ba\u00f1o y una de apoyo para utilizar el inodoro.<\/p>\n<\/div><div class=\"fusion-clearfix\"><\/div><\/div><\/div><div class=\"fusion-layout-column fusion_builder_column fusion-builder-column-2 fusion_builder_column_1_1 1_1 fusion-one-full fusion-column-first fusion-column-last fusion-column-no-min-height\" style=\"margin-top:0px;margin-bottom:0px;\"><div class=\"fusion-column-wrapper fusion-flex-column-wrapper-legacy\" style=\"background-position:left top;background-repeat:no-repeat;-webkit-background-size:cover;-moz-background-size:cover;-o-background-size:cover;background-size:cover;padding: 0px 0px 0px 0px;\"><style type='text\/css'>.reading-box-container-1 .element-bottomshadow:before,.reading-box-container-1 .element-bottomshadow:after{opacity:0.70;}<\/style><div class=\"fusion-reading-box-container reading-box-container-1\" style=\"margin-top:0px;margin-bottom:84px;\"><div class=\"reading-box\" style=\"background-color:#f6f6f6;border-width:1px;border-color:#f6f6f6;border-left-width:3px;border-left-color:var(--primary_color);border-style:solid;\"><a class=\"button fusion-button button-default fusion-button-large button-large button-flat fusion-desktop-button fusion-tagline-button continue fusion-desktop-button-margin continue-right\" style=\"-webkit-box-shadow:none;-moz-box-shadow:none;box-shadow:none;border-radius:1px;\" href=\"\/contacto\" target=\"_self\"><span>Inf\u00f3rmese sin compromiso<\/span><\/a><h2>\u00bfNecesita un fontanero para su hogar?<\/h2><div class=\"reading-box-description fusion-reading-box-additional\">Fontaneros de Donostia San Sebastian - Atendemos en Gipuzkoa\nSan Sebasti\u00e1n - Donostia, Ir\u00fan, Errenteria, Hondarribia, Hernani, Urnieta, Andoain, Lasarte, Orio, Astigarraga, Tolosa, Oiartzun, Zarautz.\n\n<\/div><div class=\"reading-box-additional\">\r\n\r\nEn Fontaner\u00eda Merino somos expertos en todo tipo de instalaciones y reparaciones.\r\n\r\n<\/div><div class=\"fusion-clearfix\"><\/div><a class=\"button fusion-button button-default fusion-button-large button-large button-flat fusion-mobile-button continue-right\" style=\"-webkit-box-shadow:none;-moz-box-shadow:none;box-shadow:none;border-radius:1px;\" href=\"\/contacto\" target=\"_self\"><span>Inf\u00f3rmese sin compromiso<\/span><\/a><\/div><\/div><div class=\"fusion-clearfix\"><\/div><\/div><\/div><\/div><style type=\"text\/css\">.fusion-fullwidth.fusion-builder-row-1 { overflow:visible; }<\/style><\/div>\n","protected":false},"excerpt":{"rendered":"","protected":false},"author":1,"featured_media":0,"parent":58,"menu_order":0,"comment_status":"closed","ping_status":"closed","template":"","meta":{"footnotes":""},"class_list":["post-158","page","type-page","status-publish","hentry"],"yoast_head":"<!-- This site is optimized with the Yoast SEO plugin v27.6 - https:\/\/yoast.com\/product\/yoast-seo-wordpress\/ -->\n<title>Adaptaci\u00f3n de ba\u00f1os para minusv\u00e1lidos - Fontaner\u00eda Merino<\/title>\n<meta name=\"description\" content=\"El cuarto de ba\u00f1o es uno de los lugares de primera necesidad, en el caso de las personas con discapacidad, un ba\u00f1o adaptado es algo imprescindible.\" \/>\n<meta name=\"robots\" content=\"index, follow, max-snippet:-1, max-image-preview:large, max-video-preview:-1\" \/>\n<link rel=\"canonical\" href=\"https:\/\/fontaneriamerino.com\/es_es\/servicios\/adaptacion-de-banos-para-minusvalidos\/\" \/>\n<meta property=\"og:locale\" content=\"es_ES\" \/>\n<meta property=\"og:type\" content=\"article\" \/>\n<meta property=\"og:title\" content=\"Adaptaci\u00f3n de ba\u00f1os para minusv\u00e1lidos - Fontaner\u00eda Merino\" \/>\n<meta property=\"og:description\" content=\"El cuarto de ba\u00f1o es uno de los lugares de primera necesidad, en el caso de las personas con discapacidad, un ba\u00f1o adaptado es algo imprescindible.\" \/>\n<meta property=\"og:url\" content=\"https:\/\/fontaneriamerino.com\/es_es\/servicios\/adaptacion-de-banos-para-minusvalidos\/\" \/>\n<meta property=\"og:site_name\" content=\"Fontaner\u00eda Merino\" \/>\n<meta property=\"article:modified_time\" content=\"2018-11-08T09:01:29+00:00\" \/>\n<meta property=\"og:image\" content=\"https:\/\/fontaneriamerino.com\/wp-content\/uploads\/2016\/08\/logo.jpg\" \/>\n\t<meta property=\"og:image:width\" content=\"479\" \/>\n\t<meta property=\"og:image:height\" content=\"122\" \/>\n\t<meta property=\"og:image:type\" content=\"image\/jpeg\" \/>\n<meta name=\"twitter:card\" content=\"summary_large_image\" \/>\n<meta name=\"twitter:label1\" content=\"Tiempo de lectura\" \/>\n\t<meta name=\"twitter:data1\" content=\"5 minutos\" \/>\n<script type=\"application\/ld+json\" class=\"yoast-schema-graph\">{\"@context\":\"https:\\\/\\\/schema.org\",\"@graph\":[{\"@type\":\"WebPage\",\"@id\":\"https:\\\/\\\/fontaneriamerino.com\\\/servicios\\\/adaptacion-de-banos-para-minusvalidos\\\/\",\"url\":\"https:\\\/\\\/fontaneriamerino.com\\\/servicios\\\/adaptacion-de-banos-para-minusvalidos\\\/\",\"name\":\"Adaptaci\u00f3n de ba\u00f1os para minusv\u00e1lidos - Fontaner\u00eda Merino\",\"isPartOf\":{\"@id\":\"https:\\\/\\\/fontaneriamerino.com\\\/#website\"},\"datePublished\":\"2016-07-21T15:41:38+00:00\",\"dateModified\":\"2018-11-08T09:01:29+00:00\",\"description\":\"El cuarto de ba\u00f1o es uno de los lugares de primera necesidad, en el caso de las personas con discapacidad, un ba\u00f1o adaptado es algo imprescindible.\",\"breadcrumb\":{\"@id\":\"https:\\\/\\\/fontaneriamerino.com\\\/servicios\\\/adaptacion-de-banos-para-minusvalidos\\\/#breadcrumb\"},\"inLanguage\":\"es\",\"potentialAction\":[{\"@type\":\"ReadAction\",\"target\":[\"https:\\\/\\\/fontaneriamerino.com\\\/servicios\\\/adaptacion-de-banos-para-minusvalidos\\\/\"]}]},{\"@type\":\"BreadcrumbList\",\"@id\":\"https:\\\/\\\/fontaneriamerino.com\\\/servicios\\\/adaptacion-de-banos-para-minusvalidos\\\/#breadcrumb\",\"itemListElement\":[{\"@type\":\"ListItem\",\"position\":1,\"name\":\"Portada\",\"item\":\"https:\\\/\\\/fontaneriamerino.com\\\/\"},{\"@type\":\"ListItem\",\"position\":2,\"name\":\"Servicios(borrador)\",\"item\":\"https:\\\/\\\/fontaneriamerino.com\\\/servicios\\\/\"},{\"@type\":\"ListItem\",\"position\":3,\"name\":\"Adaptaci\u00f3n de ba\u00f1os para minusv\u00e1lidos\"}]},{\"@type\":\"WebSite\",\"@id\":\"https:\\\/\\\/fontaneriamerino.com\\\/#website\",\"url\":\"https:\\\/\\\/fontaneriamerino.com\\\/\",\"name\":\"Fontaner\u00eda Merino\",\"description\":\"SANEAMIENTO E INSTALACIONES DE GAS Y CALEFACCION REVISION, MANTENIMIENTO Y REPARACION DE CALDERAS  Y CALENTADORES\",\"publisher\":{\"@id\":\"https:\\\/\\\/fontaneriamerino.com\\\/#organization\"},\"potentialAction\":[{\"@type\":\"SearchAction\",\"target\":{\"@type\":\"EntryPoint\",\"urlTemplate\":\"https:\\\/\\\/fontaneriamerino.com\\\/?s={search_term_string}\"},\"query-input\":{\"@type\":\"PropertyValueSpecification\",\"valueRequired\":true,\"valueName\":\"search_term_string\"}}],\"inLanguage\":\"es\"},{\"@type\":\"Organization\",\"@id\":\"https:\\\/\\\/fontaneriamerino.com\\\/#organization\",\"name\":\"Fontaner\u00eda Merino\",\"alternateName\":\"Fontaner\u00eda Merino\",\"url\":\"https:\\\/\\\/fontaneriamerino.com\\\/\",\"logo\":{\"@type\":\"ImageObject\",\"inLanguage\":\"es\",\"@id\":\"https:\\\/\\\/fontaneriamerino.com\\\/#\\\/schema\\\/logo\\\/image\\\/\",\"url\":\"https:\\\/\\\/fontaneriamerino.com\\\/wp-content\\\/uploads\\\/2016\\\/07\\\/cropped-logo.jpg\",\"contentUrl\":\"https:\\\/\\\/fontaneriamerino.com\\\/wp-content\\\/uploads\\\/2016\\\/07\\\/cropped-logo.jpg\",\"width\":512,\"height\":512,\"caption\":\"Fontaner\u00eda Merino\"},\"image\":{\"@id\":\"https:\\\/\\\/fontaneriamerino.com\\\/#\\\/schema\\\/logo\\\/image\\\/\"}}]}<\/script>\n<!-- \/ Yoast SEO plugin. -->","yoast_head_json":{"title":"Adaptaci\u00f3n de ba\u00f1os para minusv\u00e1lidos - Fontaner\u00eda Merino","description":"El cuarto de ba\u00f1o es uno de los lugares de primera necesidad, en el caso de las personas con discapacidad, un ba\u00f1o adaptado es algo imprescindible.","robots":{"index":"index","follow":"follow","max-snippet":"max-snippet:-1","max-image-preview":"max-image-preview:large","max-video-preview":"max-video-preview:-1"},"canonical":"https:\/\/fontaneriamerino.com\/es_es\/servicios\/adaptacion-de-banos-para-minusvalidos\/","og_locale":"es_ES","og_type":"article","og_title":"Adaptaci\u00f3n de ba\u00f1os para minusv\u00e1lidos - Fontaner\u00eda Merino","og_description":"El cuarto de ba\u00f1o es uno de los lugares de primera necesidad, en el caso de las personas con discapacidad, un ba\u00f1o adaptado es algo imprescindible.","og_url":"https:\/\/fontaneriamerino.com\/es_es\/servicios\/adaptacion-de-banos-para-minusvalidos\/","og_site_name":"Fontaner\u00eda Merino","article_modified_time":"2018-11-08T09:01:29+00:00","og_image":[{"width":479,"height":122,"url":"https:\/\/fontaneriamerino.com\/wp-content\/uploads\/2016\/08\/logo.jpg","type":"image\/jpeg"}],"twitter_card":"summary_large_image","twitter_misc":{"Tiempo de lectura":"5 minutos"},"schema":{"@context":"https:\/\/schema.org","@graph":[{"@type":"WebPage","@id":"https:\/\/fontaneriamerino.com\/servicios\/adaptacion-de-banos-para-minusvalidos\/","url":"https:\/\/fontaneriamerino.com\/servicios\/adaptacion-de-banos-para-minusvalidos\/","name":"Adaptaci\u00f3n de ba\u00f1os para minusv\u00e1lidos - Fontaner\u00eda Merino","isPartOf":{"@id":"https:\/\/fontaneriamerino.com\/#website"},"datePublished":"2016-07-21T15:41:38+00:00","dateModified":"2018-11-08T09:01:29+00:00","description":"El cuarto de ba\u00f1o es uno de los lugares de primera necesidad, en el caso de las personas con discapacidad, un ba\u00f1o adaptado es algo imprescindible.","breadcrumb":{"@id":"https:\/\/fontaneriamerino.com\/servicios\/adaptacion-de-banos-para-minusvalidos\/#breadcrumb"},"inLanguage":"es","potentialAction":[{"@type":"ReadAction","target":["https:\/\/fontaneriamerino.com\/servicios\/adaptacion-de-banos-para-minusvalidos\/"]}]},{"@type":"BreadcrumbList","@id":"https:\/\/fontaneriamerino.com\/servicios\/adaptacion-de-banos-para-minusvalidos\/#breadcrumb","itemListElement":[{"@type":"ListItem","position":1,"name":"Portada","item":"https:\/\/fontaneriamerino.com\/"},{"@type":"ListItem","position":2,"name":"Servicios(borrador)","item":"https:\/\/fontaneriamerino.com\/servicios\/"},{"@type":"ListItem","position":3,"name":"Adaptaci\u00f3n de ba\u00f1os para minusv\u00e1lidos"}]},{"@type":"WebSite","@id":"https:\/\/fontaneriamerino.com\/#website","url":"https:\/\/fontaneriamerino.com\/","name":"Fontaner\u00eda Merino","description":"SANEAMIENTO E INSTALACIONES DE GAS Y CALEFACCION REVISION, MANTENIMIENTO Y REPARACION DE CALDERAS  Y CALENTADORES","publisher":{"@id":"https:\/\/fontaneriamerino.com\/#organization"},"potentialAction":[{"@type":"SearchAction","target":{"@type":"EntryPoint","urlTemplate":"https:\/\/fontaneriamerino.com\/?s={search_term_string}"},"query-input":{"@type":"PropertyValueSpecification","valueRequired":true,"valueName":"search_term_string"}}],"inLanguage":"es"},{"@type":"Organization","@id":"https:\/\/fontaneriamerino.com\/#organization","name":"Fontaner\u00eda Merino","alternateName":"Fontaner\u00eda Merino","url":"https:\/\/fontaneriamerino.com\/","logo":{"@type":"ImageObject","inLanguage":"es","@id":"https:\/\/fontaneriamerino.com\/#\/schema\/logo\/image\/","url":"https:\/\/fontaneriamerino.com\/wp-content\/uploads\/2016\/07\/cropped-logo.jpg","contentUrl":"https:\/\/fontaneriamerino.com\/wp-content\/uploads\/2016\/07\/cropped-logo.jpg","width":512,"height":512,"caption":"Fontaner\u00eda Merino"},"image":{"@id":"https:\/\/fontaneriamerino.com\/#\/schema\/logo\/image\/"}}]}},"_links":{"self":[{"href":"https:\/\/fontaneriamerino.com\/es_es\/wp-json\/wp\/v2\/pages\/158","targetHints":{"allow":["GET"]}}],"collection":[{"href":"https:\/\/fontaneriamerino.com\/es_es\/wp-json\/wp\/v2\/pages"}],"about":[{"href":"https:\/\/fontaneriamerino.com\/es_es\/wp-json\/wp\/v2\/types\/page"}],"author":[{"embeddable":true,"href":"https:\/\/fontaneriamerino.com\/es_es\/wp-json\/wp\/v2\/users\/1"}],"replies":[{"embeddable":true,"href":"https:\/\/fontaneriamerino.com\/es_es\/wp-json\/wp\/v2\/comments?post=158"}],"version-history":[{"count":0,"href":"https:\/\/fontaneriamerino.com\/es_es\/wp-json\/wp\/v2\/pages\/158\/revisions"}],"up":[{"embeddable":true,"href":"https:\/\/fontaneriamerino.com\/es_es\/wp-json\/wp\/v2\/pages\/58"}],"wp:attachment":[{"href":"https:\/\/fontaneriamerino.com\/es_es\/wp-json\/wp\/v2\/media?parent=158"}],"curies":[{"name":"wp","href":"https:\/\/api.w.org\/{rel}","templated":true}]}}