{"id":146,"date":"2016-07-21T11:32:07","date_gmt":"2016-07-21T11:32:07","guid":{"rendered":"http:\/\/fontaneriamerino.com\/?page_id=146"},"modified":"2025-03-14T13:32:46","modified_gmt":"2025-03-14T12:32:46","slug":"instalaciones-de-calderas-y-calentadores-a-gas","status":"publish","type":"page","link":"https:\/\/fontaneriamerino.com\/es_es\/servicios\/instalaciones-de-calderas-y-calentadores-a-gas\/","title":{"rendered":"Instalaciones de calderas y calentadores a gas"},"content":{"rendered":"<div class=\"fusion-fullwidth fullwidth-box fusion-builder-row-1 hundred-percent-fullwidth non-hundred-percent-height-scrolling\" style=\"background-color: rgba(255,255,255,0);background-position: center center;background-repeat: no-repeat;padding-top:0px;padding-right:0px;padding-bottom:0px;padding-left:0px;margin-bottom: 0px;margin-top: 0px;border-width: 0px 0px 0px 0px;border-color:#eae9e9;border-style:solid;\" ><div class=\"fusion-builder-row fusion-row\"><div class=\"fusion-layout-column fusion_builder_column fusion-builder-column-0 fusion_builder_column_1_4 1_4 fusion-one-fourth fusion-column-first\" style=\"width:22%; margin-right: 4%;margin-top:0px;margin-bottom:20px;\"><div class=\"fusion-column-wrapper fusion-flex-column-wrapper-legacy\" style=\"background-position:left top;background-repeat:no-repeat;-webkit-background-size:cover;-moz-background-size:cover;-o-background-size:cover;background-size:cover;padding: 0px 0px 0px 0px;\"><style type=\"text\/css\"><\/style><div class=\"fusion-title title fusion-title-1 fusion-title-text fusion-title-size-two\" style=\"margin-top:0px;margin-bottom:31px;\"><h2 class=\"title-heading-left\" style=\"margin:0;\">Servicios<\/h2><div class=\"title-sep-container\"><div class=\"title-sep sep-double sep-solid\" style=\"border-color:#e0dede;\"><\/div><\/div><\/div><ul class=\"fusion-checklist fusion-checklist-1\" style=\"font-size:13px;line-height:22.1px;\"><li class=\"fusion-li-item\"><span style=\"background-color:#ff0000;font-size:11.44px;height:22.1px;width:22.1px;margin-right:9.1px;\" class=\"icon-wrapper circle-yes\"><i class=\"fusion-li-icon fa fa-chevron-right\" style=\"color:#ffffff;\" aria-hidden=\"true\"><\/i><\/span><div class=\"fusion-li-item-content\" style=\"margin-left:31.2px;\"><a href=\"\/servicios\/instalaciones-de-fontaneria\/\">Instalacines de Fontaner\u00eda<\/a><\/div><\/li><li class=\"fusion-li-item\"><span style=\"background-color:#ff0000;font-size:11.44px;height:22.1px;width:22.1px;margin-right:9.1px;\" class=\"icon-wrapper circle-yes\"><i class=\"fusion-li-icon fa fa-chevron-right\" style=\"color:#ffffff;\" aria-hidden=\"true\"><\/i><\/span><div class=\"fusion-li-item-content\" style=\"margin-left:31.2px;\"><a href=\"http:\/\/fontaneriamerino.com\/instalaciones-de-gas\/\">Instalaciones de Gas<\/a><\/div><\/li><li class=\"fusion-li-item\"><span style=\"background-color:#ff0000;font-size:11.44px;height:22.1px;width:22.1px;margin-right:9.1px;\" class=\"icon-wrapper circle-yes\"><i class=\"fusion-li-icon fa fa-chevron-right\" style=\"color:#ffffff;\" aria-hidden=\"true\"><\/i><\/span><div class=\"fusion-li-item-content\" style=\"margin-left:31.2px;\"><a href=\"http:\/\/fontaneriamerino.com\/instalaciones-de-calefaccion\/\">Instalaciones de Calefacci\u00f3n<\/a><\/div><\/li><li class=\"fusion-li-item\"><span style=\"background-color:#ff0000;font-size:11.44px;height:22.1px;width:22.1px;margin-right:9.1px;\" class=\"icon-wrapper circle-yes\"><i class=\"fusion-li-icon fa fa-chevron-right\" style=\"color:#ffffff;\" aria-hidden=\"true\"><\/i><\/span><div class=\"fusion-li-item-content\" style=\"margin-left:31.2px;\"><a href=\"http:\/\/fontaneriamerino.com\/instalaciones-de-climatizacion\/\">Instalaciones de Climatizaci\u00f3n<\/a><\/div><\/li><li class=\"fusion-li-item\"><span style=\"background-color:#ff0000;font-size:11.44px;height:22.1px;width:22.1px;margin-right:9.1px;\" class=\"icon-wrapper circle-yes\"><i class=\"fusion-li-icon fa fa-chevron-right\" style=\"color:#ffffff;\" aria-hidden=\"true\"><\/i><\/span><div class=\"fusion-li-item-content\" style=\"margin-left:31.2px;\"><span style=\"color: #ff0000;\"><a style=\"color: #ff0000;\" href=\"http:\/\/fontaneriamerino.com\/instalaciones-de-calderas-y-calentadores-a-gas\/\">Instalaciones de Calderas y calentadores a gas<\/a><\/span><\/div><\/li><li class=\"fusion-li-item\"><span style=\"background-color:#ff0000;font-size:11.44px;height:22.1px;width:22.1px;margin-right:9.1px;\" class=\"icon-wrapper circle-yes\"><i class=\"fusion-li-icon fa fa-chevron-right\" style=\"color:#ffffff;\" aria-hidden=\"true\"><\/i><\/span><div class=\"fusion-li-item-content\" style=\"margin-left:31.2px;\"><a href=\"http:\/\/fontaneriamerino.com\/mantenimiento-de-comunidades\/\">Mantenimiento de comunidades<\/a><\/div><\/li><li class=\"fusion-li-item\"><span style=\"background-color:#ff0000;font-size:11.44px;height:22.1px;width:22.1px;margin-right:9.1px;\" class=\"icon-wrapper circle-yes\"><i class=\"fusion-li-icon fa fa-chevron-right\" style=\"color:#ffffff;\" aria-hidden=\"true\"><\/i><\/span><div class=\"fusion-li-item-content\" style=\"margin-left:31.2px;\"><a href=\"http:\/\/fontaneriamerino.com\/exposicion-y-venta-de-sanitarios-mobiliario-de-bano\/\">Exposici\u00f3n y venta de sanitarios, mobiliario de ba\u00f1o<\/a><\/div><\/li><li class=\"fusion-li-item\"><span style=\"background-color:#ff0000;font-size:11.44px;height:22.1px;width:22.1px;margin-right:9.1px;\" class=\"icon-wrapper circle-yes\"><i class=\"fusion-li-icon fa fa-chevron-right\" style=\"color:#ffffff;\" aria-hidden=\"true\"><\/i><\/span><div class=\"fusion-li-item-content\" style=\"margin-left:31.2px;\"><a href=\"http:\/\/fontaneriamerino.com\/cambiar-banera-por-ducha\/\">Cambiar ba\u00f1era por ducha<\/a><\/div><\/li><li class=\"fusion-li-item\"><span style=\"background-color:#ff0000;font-size:11.44px;height:22.1px;width:22.1px;margin-right:9.1px;\" class=\"icon-wrapper circle-yes\"><i class=\"fusion-li-icon fa fa-chevron-right\" style=\"color:#ffffff;\" aria-hidden=\"true\"><\/i><\/span><div class=\"fusion-li-item-content\" style=\"margin-left:31.2px;\"><a href=\"\/servicios\/adaptacion-de-banos-para-minusvalidos\/\">Adaptaci\u00f3n de ba\u00f1os para minusv\u00e1lidos<\/a><\/div><\/li><li class=\"fusion-li-item\"><span style=\"background-color:#ff0000;font-size:11.44px;height:22.1px;width:22.1px;margin-right:9.1px;\" class=\"icon-wrapper circle-yes\"><i class=\"fusion-li-icon fa fa-chevron-right\" style=\"color:#ffffff;\" aria-hidden=\"true\"><\/i><\/span><div class=\"fusion-li-item-content\" style=\"margin-left:31.2px;\"><a href=\"http:\/\/fontaneriamerino.com\/revision-obligatoria-de-calderas\/\">Revisi\u00f3n obligatoria de Calderas<\/a><\/div><\/li><\/ul><div class=\"fusion-button-wrapper\"><style type=\"text\/css\">.fusion-button.button-1 {border-radius:1px;}<\/style><a class=\"fusion-button button-flat fusion-button-default-size button-default button-1 fusion-button-default-span fusion-button-default-type\" target=\"_self\" href=\"http:\/\/fontaneriamerino.com\/servicios\/\"><span class=\"fusion-button-text\">Volver a la secci\u00f3n Servicios<\/span><\/a><\/div><div class=\"fusion-clearfix\"><\/div><\/div><\/div><div class=\"fusion-layout-column fusion_builder_column fusion-builder-column-1 fusion_builder_column_3_4 3_4 fusion-three-fourth fusion-column-last\" style=\"width:74%;margin-top:0px;margin-bottom:20px;\"><div class=\"fusion-column-wrapper fusion-flex-column-wrapper-legacy\" style=\"background-position:left top;background-repeat:no-repeat;-webkit-background-size:cover;-moz-background-size:cover;-o-background-size:cover;background-size:cover;padding: 0px 0px 0px 0px;\"><div class=\"fusion-text fusion-text-1\" style=\"transform:translate3d(0,0,0);\"><p><img decoding=\"async\" class=\"wp-image-67 alignleft lazyload\" data-src=\"http:\/\/fontaneriamerino.com\/wp-content\/uploads\/2016\/07\/calderas-merino-231x300.jpg\" alt=\"Instalaciones de Calderas y calentadores a gas\" width=\"206\" height=\"268\" data-srcset=\"https:\/\/fontaneriamerino.com\/wp-content\/uploads\/2016\/07\/calderas-merino-200x260.jpg 200w, https:\/\/fontaneriamerino.com\/wp-content\/uploads\/2016\/07\/calderas-merino-231x300.jpg 231w, https:\/\/fontaneriamerino.com\/wp-content\/uploads\/2016\/07\/calderas-merino.jpg 350w\" data-sizes=\"(max-width: 206px) 100vw, 206px\" src=\"data:image\/svg+xml;base64,PHN2ZyB3aWR0aD0iMSIgaGVpZ2h0PSIxIiB4bWxucz0iaHR0cDovL3d3dy53My5vcmcvMjAwMC9zdmciPjwvc3ZnPg==\" style=\"--smush-placeholder-width: 206px; --smush-placeholder-aspect-ratio: 206\/268;\" \/><\/p>\n<p>&#8211; Realizamos instalaciones de calderas y calentadores a gas.<\/p>\n<p>&#8211; Realizamos la revisi\u00f3n, Mantenimiento y reparaci\u00f3n de calderas y calentadores a gas con an\u00e1lisis de combusti\u00f3n.<\/p>\n<p>&#8211; Realizamos el cambio de Calderas y Calentadores a gas y termoel\u00e9ctricos, etc.<\/p>\n<\/div><div class=\"fusion-clearfix\"><\/div><\/div><\/div><div class=\"fusion-layout-column fusion_builder_column fusion-builder-column-2 fusion_builder_column_1_1 1_1 fusion-one-full fusion-column-first fusion-column-last fusion-column-no-min-height\" style=\"margin-top:0px;margin-bottom:0px;\"><div class=\"fusion-column-wrapper fusion-flex-column-wrapper-legacy\" style=\"background-position:left top;background-repeat:no-repeat;-webkit-background-size:cover;-moz-background-size:cover;-o-background-size:cover;background-size:cover;padding: 0px 0px 0px 0px;\"><style type='text\/css'>.reading-box-container-1 .element-bottomshadow:before,.reading-box-container-1 .element-bottomshadow:after{opacity:0.70;}<\/style><div class=\"fusion-reading-box-container reading-box-container-1\" style=\"margin-top:0px;margin-bottom:84px;\"><div class=\"reading-box\" style=\"background-color:#f6f6f6;border-width:1px;border-color:#f6f6f6;border-left-width:3px;border-left-color:var(--primary_color);border-style:solid;\"><a class=\"button fusion-button button-default fusion-button-large button-large button-flat fusion-desktop-button fusion-tagline-button continue fusion-desktop-button-margin continue-right\" style=\"-webkit-box-shadow:none;-moz-box-shadow:none;box-shadow:none;border-radius:1px;\" href=\"\/contacto\" target=\"_self\"><span>Inf\u00f3rmese sin compromiso<\/span><\/a><h2>\u00bfNecesita un fontanero para su hogar?<\/h2><div class=\"reading-box-description fusion-reading-box-additional\">Fontaneros de Donostia San Sebastian - Atendemos en Gipuzkoa\nSan Sebasti\u00e1n - Donostia, Ir\u00fan, Errenteria, Hondarribia, Hernani, Urnieta, Andoain, Lasarte, Orio, Astigarraga, Tolosa, Oiartzun, Zarautz.\n\n<\/div><div class=\"reading-box-additional\">\r\n\r\nEn Fontaner\u00eda Merino somos expertos en todo tipo de instalaciones y reparaciones.\r\n\r\n<\/div><div class=\"fusion-clearfix\"><\/div><a class=\"button fusion-button button-default fusion-button-large button-large button-flat fusion-mobile-button continue-right\" style=\"-webkit-box-shadow:none;-moz-box-shadow:none;box-shadow:none;border-radius:1px;\" href=\"\/contacto\" target=\"_self\"><span>Inf\u00f3rmese sin compromiso<\/span><\/a><\/div><\/div><div class=\"fusion-clearfix\"><\/div><\/div><\/div><\/div><style type=\"text\/css\">.fusion-fullwidth.fusion-builder-row-1 { overflow:visible; }<\/style><\/div>\n","protected":false},"excerpt":{"rendered":"","protected":false},"author":1,"featured_media":0,"parent":58,"menu_order":0,"comment_status":"closed","ping_status":"closed","template":"","meta":{"footnotes":""},"class_list":["post-146","page","type-page","status-publish","hentry"],"yoast_head":"<!-- This site is optimized with the Yoast SEO plugin v27.3 - https:\/\/yoast.com\/product\/yoast-seo-wordpress\/ -->\n<title>Instalaciones de calderas y calentadores a gas - Fontaner\u00eda Merino<\/title>\n<meta name=\"description\" content=\"Realizamos instalaciones de calderas y calentadores a gas. Realizamos la revisi\u00f3n, Mantenimiento y reparaci\u00f3n de calderas y calentadores a gas.\" \/>\n<meta name=\"robots\" content=\"index, follow, max-snippet:-1, max-image-preview:large, max-video-preview:-1\" \/>\n<link rel=\"canonical\" href=\"https:\/\/fontaneriamerino.com\/es_es\/servicios\/instalaciones-de-calderas-y-calentadores-a-gas\/\" \/>\n<meta property=\"og:locale\" content=\"es_ES\" \/>\n<meta property=\"og:type\" content=\"article\" \/>\n<meta property=\"og:title\" content=\"Instalaciones de calderas y calentadores a gas - Fontaner\u00eda Merino\" \/>\n<meta property=\"og:description\" content=\"Realizamos instalaciones de calderas y calentadores a gas. Realizamos la revisi\u00f3n, Mantenimiento y reparaci\u00f3n de calderas y calentadores a gas.\" \/>\n<meta property=\"og:url\" content=\"https:\/\/fontaneriamerino.com\/es_es\/servicios\/instalaciones-de-calderas-y-calentadores-a-gas\/\" \/>\n<meta property=\"og:site_name\" content=\"Fontaner\u00eda Merino\" \/>\n<meta property=\"article:modified_time\" content=\"2025-03-14T12:32:46+00:00\" \/>\n<meta property=\"og:image\" content=\"http:\/\/fontaneriamerino.com\/wp-content\/uploads\/2016\/07\/calderas-merino-231x300.jpg\" \/>\n<meta name=\"twitter:card\" content=\"summary_large_image\" \/>\n<meta name=\"twitter:label1\" content=\"Tiempo de lectura\" \/>\n\t<meta name=\"twitter:data1\" content=\"2 minutos\" \/>\n<script type=\"application\/ld+json\" class=\"yoast-schema-graph\">{\"@context\":\"https:\\\/\\\/schema.org\",\"@graph\":[{\"@type\":\"WebPage\",\"@id\":\"https:\\\/\\\/fontaneriamerino.com\\\/servicios\\\/instalaciones-de-calderas-y-calentadores-a-gas\\\/\",\"url\":\"https:\\\/\\\/fontaneriamerino.com\\\/servicios\\\/instalaciones-de-calderas-y-calentadores-a-gas\\\/\",\"name\":\"Instalaciones de calderas y calentadores a gas - Fontaner\u00eda Merino\",\"isPartOf\":{\"@id\":\"https:\\\/\\\/fontaneriamerino.com\\\/#website\"},\"primaryImageOfPage\":{\"@id\":\"https:\\\/\\\/fontaneriamerino.com\\\/servicios\\\/instalaciones-de-calderas-y-calentadores-a-gas\\\/#primaryimage\"},\"image\":{\"@id\":\"https:\\\/\\\/fontaneriamerino.com\\\/servicios\\\/instalaciones-de-calderas-y-calentadores-a-gas\\\/#primaryimage\"},\"thumbnailUrl\":\"http:\\\/\\\/fontaneriamerino.com\\\/wp-content\\\/uploads\\\/2016\\\/07\\\/calderas-merino-231x300.jpg\",\"datePublished\":\"2016-07-21T11:32:07+00:00\",\"dateModified\":\"2025-03-14T12:32:46+00:00\",\"description\":\"Realizamos instalaciones de calderas y calentadores a gas. Realizamos la revisi\u00f3n, Mantenimiento y reparaci\u00f3n de calderas y calentadores a gas.\",\"breadcrumb\":{\"@id\":\"https:\\\/\\\/fontaneriamerino.com\\\/servicios\\\/instalaciones-de-calderas-y-calentadores-a-gas\\\/#breadcrumb\"},\"inLanguage\":\"es\",\"potentialAction\":[{\"@type\":\"ReadAction\",\"target\":[\"https:\\\/\\\/fontaneriamerino.com\\\/servicios\\\/instalaciones-de-calderas-y-calentadores-a-gas\\\/\"]}]},{\"@type\":\"ImageObject\",\"inLanguage\":\"es\",\"@id\":\"https:\\\/\\\/fontaneriamerino.com\\\/servicios\\\/instalaciones-de-calderas-y-calentadores-a-gas\\\/#primaryimage\",\"url\":\"http:\\\/\\\/fontaneriamerino.com\\\/wp-content\\\/uploads\\\/2016\\\/07\\\/calderas-merino-231x300.jpg\",\"contentUrl\":\"http:\\\/\\\/fontaneriamerino.com\\\/wp-content\\\/uploads\\\/2016\\\/07\\\/calderas-merino-231x300.jpg\"},{\"@type\":\"BreadcrumbList\",\"@id\":\"https:\\\/\\\/fontaneriamerino.com\\\/servicios\\\/instalaciones-de-calderas-y-calentadores-a-gas\\\/#breadcrumb\",\"itemListElement\":[{\"@type\":\"ListItem\",\"position\":1,\"name\":\"Portada\",\"item\":\"https:\\\/\\\/fontaneriamerino.com\\\/\"},{\"@type\":\"ListItem\",\"position\":2,\"name\":\"Servicios(borrador)\",\"item\":\"https:\\\/\\\/fontaneriamerino.com\\\/servicios\\\/\"},{\"@type\":\"ListItem\",\"position\":3,\"name\":\"Instalaciones de calderas y calentadores a gas\"}]},{\"@type\":\"WebSite\",\"@id\":\"https:\\\/\\\/fontaneriamerino.com\\\/#website\",\"url\":\"https:\\\/\\\/fontaneriamerino.com\\\/\",\"name\":\"Fontaner\u00eda Merino\",\"description\":\"SANEAMIENTO E INSTALACIONES DE GAS Y CALEFACCION REVISION, MANTENIMIENTO Y REPARACION DE CALDERAS  Y CALENTADORES\",\"publisher\":{\"@id\":\"https:\\\/\\\/fontaneriamerino.com\\\/#organization\"},\"potentialAction\":[{\"@type\":\"SearchAction\",\"target\":{\"@type\":\"EntryPoint\",\"urlTemplate\":\"https:\\\/\\\/fontaneriamerino.com\\\/?s={search_term_string}\"},\"query-input\":{\"@type\":\"PropertyValueSpecification\",\"valueRequired\":true,\"valueName\":\"search_term_string\"}}],\"inLanguage\":\"es\"},{\"@type\":\"Organization\",\"@id\":\"https:\\\/\\\/fontaneriamerino.com\\\/#organization\",\"name\":\"Fontaner\u00eda Merino\",\"alternateName\":\"Fontaner\u00eda Merino\",\"url\":\"https:\\\/\\\/fontaneriamerino.com\\\/\",\"logo\":{\"@type\":\"ImageObject\",\"inLanguage\":\"es\",\"@id\":\"https:\\\/\\\/fontaneriamerino.com\\\/#\\\/schema\\\/logo\\\/image\\\/\",\"url\":\"https:\\\/\\\/fontaneriamerino.com\\\/wp-content\\\/uploads\\\/2016\\\/07\\\/cropped-logo.jpg\",\"contentUrl\":\"https:\\\/\\\/fontaneriamerino.com\\\/wp-content\\\/uploads\\\/2016\\\/07\\\/cropped-logo.jpg\",\"width\":512,\"height\":512,\"caption\":\"Fontaner\u00eda Merino\"},\"image\":{\"@id\":\"https:\\\/\\\/fontaneriamerino.com\\\/#\\\/schema\\\/logo\\\/image\\\/\"}}]}<\/script>\n<!-- \/ Yoast SEO plugin. -->","yoast_head_json":{"title":"Instalaciones de calderas y calentadores a gas - Fontaner\u00eda Merino","description":"Realizamos instalaciones de calderas y calentadores a gas. Realizamos la revisi\u00f3n, Mantenimiento y reparaci\u00f3n de calderas y calentadores a gas.","robots":{"index":"index","follow":"follow","max-snippet":"max-snippet:-1","max-image-preview":"max-image-preview:large","max-video-preview":"max-video-preview:-1"},"canonical":"https:\/\/fontaneriamerino.com\/es_es\/servicios\/instalaciones-de-calderas-y-calentadores-a-gas\/","og_locale":"es_ES","og_type":"article","og_title":"Instalaciones de calderas y calentadores a gas - Fontaner\u00eda Merino","og_description":"Realizamos instalaciones de calderas y calentadores a gas. Realizamos la revisi\u00f3n, Mantenimiento y reparaci\u00f3n de calderas y calentadores a gas.","og_url":"https:\/\/fontaneriamerino.com\/es_es\/servicios\/instalaciones-de-calderas-y-calentadores-a-gas\/","og_site_name":"Fontaner\u00eda Merino","article_modified_time":"2025-03-14T12:32:46+00:00","og_image":[{"url":"http:\/\/fontaneriamerino.com\/wp-content\/uploads\/2016\/07\/calderas-merino-231x300.jpg","type":"","width":"","height":""}],"twitter_card":"summary_large_image","twitter_misc":{"Tiempo de lectura":"2 minutos"},"schema":{"@context":"https:\/\/schema.org","@graph":[{"@type":"WebPage","@id":"https:\/\/fontaneriamerino.com\/servicios\/instalaciones-de-calderas-y-calentadores-a-gas\/","url":"https:\/\/fontaneriamerino.com\/servicios\/instalaciones-de-calderas-y-calentadores-a-gas\/","name":"Instalaciones de calderas y calentadores a gas - Fontaner\u00eda Merino","isPartOf":{"@id":"https:\/\/fontaneriamerino.com\/#website"},"primaryImageOfPage":{"@id":"https:\/\/fontaneriamerino.com\/servicios\/instalaciones-de-calderas-y-calentadores-a-gas\/#primaryimage"},"image":{"@id":"https:\/\/fontaneriamerino.com\/servicios\/instalaciones-de-calderas-y-calentadores-a-gas\/#primaryimage"},"thumbnailUrl":"http:\/\/fontaneriamerino.com\/wp-content\/uploads\/2016\/07\/calderas-merino-231x300.jpg","datePublished":"2016-07-21T11:32:07+00:00","dateModified":"2025-03-14T12:32:46+00:00","description":"Realizamos instalaciones de calderas y calentadores a gas. Realizamos la revisi\u00f3n, Mantenimiento y reparaci\u00f3n de calderas y calentadores a gas.","breadcrumb":{"@id":"https:\/\/fontaneriamerino.com\/servicios\/instalaciones-de-calderas-y-calentadores-a-gas\/#breadcrumb"},"inLanguage":"es","potentialAction":[{"@type":"ReadAction","target":["https:\/\/fontaneriamerino.com\/servicios\/instalaciones-de-calderas-y-calentadores-a-gas\/"]}]},{"@type":"ImageObject","inLanguage":"es","@id":"https:\/\/fontaneriamerino.com\/servicios\/instalaciones-de-calderas-y-calentadores-a-gas\/#primaryimage","url":"http:\/\/fontaneriamerino.com\/wp-content\/uploads\/2016\/07\/calderas-merino-231x300.jpg","contentUrl":"http:\/\/fontaneriamerino.com\/wp-content\/uploads\/2016\/07\/calderas-merino-231x300.jpg"},{"@type":"BreadcrumbList","@id":"https:\/\/fontaneriamerino.com\/servicios\/instalaciones-de-calderas-y-calentadores-a-gas\/#breadcrumb","itemListElement":[{"@type":"ListItem","position":1,"name":"Portada","item":"https:\/\/fontaneriamerino.com\/"},{"@type":"ListItem","position":2,"name":"Servicios(borrador)","item":"https:\/\/fontaneriamerino.com\/servicios\/"},{"@type":"ListItem","position":3,"name":"Instalaciones de calderas y calentadores a gas"}]},{"@type":"WebSite","@id":"https:\/\/fontaneriamerino.com\/#website","url":"https:\/\/fontaneriamerino.com\/","name":"Fontaner\u00eda Merino","description":"SANEAMIENTO E INSTALACIONES DE GAS Y CALEFACCION REVISION, MANTENIMIENTO Y REPARACION DE CALDERAS  Y CALENTADORES","publisher":{"@id":"https:\/\/fontaneriamerino.com\/#organization"},"potentialAction":[{"@type":"SearchAction","target":{"@type":"EntryPoint","urlTemplate":"https:\/\/fontaneriamerino.com\/?s={search_term_string}"},"query-input":{"@type":"PropertyValueSpecification","valueRequired":true,"valueName":"search_term_string"}}],"inLanguage":"es"},{"@type":"Organization","@id":"https:\/\/fontaneriamerino.com\/#organization","name":"Fontaner\u00eda Merino","alternateName":"Fontaner\u00eda Merino","url":"https:\/\/fontaneriamerino.com\/","logo":{"@type":"ImageObject","inLanguage":"es","@id":"https:\/\/fontaneriamerino.com\/#\/schema\/logo\/image\/","url":"https:\/\/fontaneriamerino.com\/wp-content\/uploads\/2016\/07\/cropped-logo.jpg","contentUrl":"https:\/\/fontaneriamerino.com\/wp-content\/uploads\/2016\/07\/cropped-logo.jpg","width":512,"height":512,"caption":"Fontaner\u00eda Merino"},"image":{"@id":"https:\/\/fontaneriamerino.com\/#\/schema\/logo\/image\/"}}]}},"_links":{"self":[{"href":"https:\/\/fontaneriamerino.com\/es_es\/wp-json\/wp\/v2\/pages\/146","targetHints":{"allow":["GET"]}}],"collection":[{"href":"https:\/\/fontaneriamerino.com\/es_es\/wp-json\/wp\/v2\/pages"}],"about":[{"href":"https:\/\/fontaneriamerino.com\/es_es\/wp-json\/wp\/v2\/types\/page"}],"author":[{"embeddable":true,"href":"https:\/\/fontaneriamerino.com\/es_es\/wp-json\/wp\/v2\/users\/1"}],"replies":[{"embeddable":true,"href":"https:\/\/fontaneriamerino.com\/es_es\/wp-json\/wp\/v2\/comments?post=146"}],"version-history":[{"count":1,"href":"https:\/\/fontaneriamerino.com\/es_es\/wp-json\/wp\/v2\/pages\/146\/revisions"}],"predecessor-version":[{"id":896,"href":"https:\/\/fontaneriamerino.com\/es_es\/wp-json\/wp\/v2\/pages\/146\/revisions\/896"}],"up":[{"embeddable":true,"href":"https:\/\/fontaneriamerino.com\/es_es\/wp-json\/wp\/v2\/pages\/58"}],"wp:attachment":[{"href":"https:\/\/fontaneriamerino.com\/es_es\/wp-json\/wp\/v2\/media?parent=146"}],"curies":[{"name":"wp","href":"https:\/\/api.w.org\/{rel}","templated":true}]}}